{"id":5104,"date":"2025-05-25T22:08:31","date_gmt":"2025-05-25T22:08:31","guid":{"rendered":"https:\/\/cardancabos.com\/?post_type=product&#038;p=5104"},"modified":"2025-05-25T22:08:31","modified_gmt":"2025-05-25T22:08:31","slug":"poncho-salvia-con-tinte-natural","status":"publish","type":"product","link":"https:\/\/cardancabos.com\/en\/product\/poncho-salvia-con-tinte-natural\/","title":{"rendered":"Poncho Salvia (con tinte natural)"},"content":{"rendered":"<p>Este poncho tiene un dise\u00f1o de puntos con cables ondulados. Tiene una molder\u00eda amplia, las medidas de la prenda son de 90 cm de ancho y 70 cm de largo m\u00e1s flecos en el ruedo.<br \/>\nA pesar de tener sisas amplias, tiene una costura lateral para mantener m\u00e1s abrigado tu cuerpo. <\/p>\n<p>Este color vis\u00f3n est\u00e1 logrado con el te\u00f1ido natural de Eucaliptus cinerea.<br \/>\nTambi\u00e9n tenemos en color crudo. <\/p>\n<p>Esta misma prenda pero en color crudo, tiene un valor menor por no tener el color con tinte natural. Esto se aplica de igual forma con todos los dise\u00f1os. <\/p>","protected":false},"excerpt":{"rendered":"<p>Poncho amplio tejido a mano en 100% lana merino te\u00f1ida con tinte natural. <\/p>","protected":false},"featured_media":5105,"template":"","meta":{"_coblocks_attr":"","_coblocks_dimensions":"","_coblocks_responsive_height":"","_coblocks_accordion_ie_support":"","_themeisle_gutenberg_block_has_review":false},"product_brand":[],"product_cat":[143,171,144],"product_tag":[221],"class_list":{"0":"post-5104","1":"product","2":"type-product","3":"status-publish","4":"has-post-thumbnail","6":"product_cat-indumentaria","7":"product_cat-ponchos","8":"product_cat-tejido-de-punto","9":"product_tag-indumentaria-tejido-de-punto-ponchos","11":"first","12":"instock","13":"shipping-taxable","14":"purchasable","15":"product-type-simple"},"_links":{"self":[{"href":"https:\/\/cardancabos.com\/en\/wp-json\/wp\/v2\/product\/5104","targetHints":{"allow":["GET"]}}],"collection":[{"href":"https:\/\/cardancabos.com\/en\/wp-json\/wp\/v2\/product"}],"about":[{"href":"https:\/\/cardancabos.com\/en\/wp-json\/wp\/v2\/types\/product"}],"version-history":[{"count":1,"href":"https:\/\/cardancabos.com\/en\/wp-json\/wp\/v2\/product\/5104\/revisions"}],"predecessor-version":[{"id":5108,"href":"https:\/\/cardancabos.com\/en\/wp-json\/wp\/v2\/product\/5104\/revisions\/5108"}],"wp:featuredmedia":[{"embeddable":true,"href":"https:\/\/cardancabos.com\/en\/wp-json\/wp\/v2\/media\/5105"}],"wp:attachment":[{"href":"https:\/\/cardancabos.com\/en\/wp-json\/wp\/v2\/media?parent=5104"}],"wp:term":[{"taxonomy":"product_brand","embeddable":true,"href":"https:\/\/cardancabos.com\/en\/wp-json\/wp\/v2\/product_brand?post=5104"},{"taxonomy":"product_cat","embeddable":true,"href":"https:\/\/cardancabos.com\/en\/wp-json\/wp\/v2\/product_cat?post=5104"},{"taxonomy":"product_tag","embeddable":true,"href":"https:\/\/cardancabos.com\/en\/wp-json\/wp\/v2\/product_tag?post=5104"}],"curies":[{"name":"wp","href":"https:\/\/api.w.org\/{rel}","templated":true}]}}