{"id":4985,"date":"2025-04-09T22:31:16","date_gmt":"2025-04-09T22:31:16","guid":{"rendered":"https:\/\/cardancabos.com\/?post_type=product&#038;p=4985"},"modified":"2025-04-09T22:31:17","modified_gmt":"2025-04-09T22:31:17","slug":"chaleco-land","status":"publish","type":"product","link":"https:\/\/cardancabos.com\/en\/product\/chaleco-land\/","title":{"rendered":"Chaleco Land"},"content":{"rendered":"<p>Chaleco tejido en 100% lana merino. Con un incre\u00edble dise\u00f1o de bordado a mano que la hacen una prenda \u00fanica.<\/p>\n<p>En caso que lo quieras en otro color puedes encargarlo, encantadas te lo hacemos especialmente para ti!<\/p>\n<p>La elaboraci\u00f3n de esta prenda puede llevar hasta 25 d\u00edas.<\/p>","protected":false},"excerpt":{"rendered":"<p>Chaleco bordado a mano. Pieza \u00fanica.<br \/>\nDise\u00f1o disponible s\u00f3lo por encargo.<\/p>","protected":false},"featured_media":4986,"template":"","meta":{"_coblocks_attr":"","_coblocks_dimensions":"","_coblocks_responsive_height":"","_coblocks_accordion_ie_support":"","_themeisle_gutenberg_block_has_review":false},"product_brand":[],"product_cat":[236,143,144],"product_tag":[271],"class_list":{"0":"post-4985","1":"product","2":"type-product","3":"status-publish","4":"has-post-thumbnail","6":"product_cat-chalecos","7":"product_cat-indumentaria","8":"product_cat-tejido-de-punto","9":"product_tag-indumentaria-tejido-de-punto-chalecos","11":"first","12":"onbackorder","13":"shipping-taxable","14":"purchasable","15":"product-type-simple"},"_links":{"self":[{"href":"https:\/\/cardancabos.com\/en\/wp-json\/wp\/v2\/product\/4985","targetHints":{"allow":["GET"]}}],"collection":[{"href":"https:\/\/cardancabos.com\/en\/wp-json\/wp\/v2\/product"}],"about":[{"href":"https:\/\/cardancabos.com\/en\/wp-json\/wp\/v2\/types\/product"}],"version-history":[{"count":1,"href":"https:\/\/cardancabos.com\/en\/wp-json\/wp\/v2\/product\/4985\/revisions"}],"predecessor-version":[{"id":4989,"href":"https:\/\/cardancabos.com\/en\/wp-json\/wp\/v2\/product\/4985\/revisions\/4989"}],"wp:featuredmedia":[{"embeddable":true,"href":"https:\/\/cardancabos.com\/en\/wp-json\/wp\/v2\/media\/4986"}],"wp:attachment":[{"href":"https:\/\/cardancabos.com\/en\/wp-json\/wp\/v2\/media?parent=4985"}],"wp:term":[{"taxonomy":"product_brand","embeddable":true,"href":"https:\/\/cardancabos.com\/en\/wp-json\/wp\/v2\/product_brand?post=4985"},{"taxonomy":"product_cat","embeddable":true,"href":"https:\/\/cardancabos.com\/en\/wp-json\/wp\/v2\/product_cat?post=4985"},{"taxonomy":"product_tag","embeddable":true,"href":"https:\/\/cardancabos.com\/en\/wp-json\/wp\/v2\/product_tag?post=4985"}],"curies":[{"name":"wp","href":"https:\/\/api.w.org\/{rel}","templated":true}]}}