{"id":4825,"date":"2024-12-06T21:20:30","date_gmt":"2024-12-06T21:20:30","guid":{"rendered":"https:\/\/cardancabos.com\/?post_type=product&#038;p=4825"},"modified":"2025-04-09T00:23:40","modified_gmt":"2025-04-09T00:23:40","slug":"chaleco-benito-con-botones","status":"publish","type":"product","link":"https:\/\/cardancabos.com\/en\/product\/chaleco-benito-con-botones\/","title":{"rendered":"Chaleco Benito con botones"},"content":{"rendered":"<p>Chaleco tejido en lana merino con botones de madera de roble. Dise\u00f1o de trenzas que tambi\u00e9n se repiten en la espalda.<\/p>\n<p>Este dise\u00f1o tambi\u00e9n lo realizamos en diferentes colores con te\u00f1ido natural.<\/p>\n<p>Consultanos por los colores que tenemos disponibles.<\/p>\n<p>Este dise\u00f1o tambi\u00e9n lo tenemos en la versi\u00f3n cerrada (sin botones).<\/p>","protected":false},"excerpt":{"rendered":"<p>Chaleco tejido a mano con lana merino.<\/p>","protected":false},"featured_media":4827,"template":"","meta":{"_coblocks_attr":"","_coblocks_dimensions":"","_coblocks_responsive_height":"","_coblocks_accordion_ie_support":"","_themeisle_gutenberg_block_has_review":false},"product_brand":[],"product_cat":[236,143,144],"product_tag":[208],"class_list":{"0":"post-4825","1":"product","2":"type-product","3":"status-publish","4":"has-post-thumbnail","6":"product_cat-chalecos","7":"product_cat-indumentaria","8":"product_cat-tejido-de-punto","9":"product_tag-tejido-de-punto","11":"first","12":"onbackorder","13":"shipping-taxable","14":"purchasable","15":"product-type-simple"},"_links":{"self":[{"href":"https:\/\/cardancabos.com\/en\/wp-json\/wp\/v2\/product\/4825","targetHints":{"allow":["GET"]}}],"collection":[{"href":"https:\/\/cardancabos.com\/en\/wp-json\/wp\/v2\/product"}],"about":[{"href":"https:\/\/cardancabos.com\/en\/wp-json\/wp\/v2\/types\/product"}],"version-history":[{"count":1,"href":"https:\/\/cardancabos.com\/en\/wp-json\/wp\/v2\/product\/4825\/revisions"}],"predecessor-version":[{"id":4828,"href":"https:\/\/cardancabos.com\/en\/wp-json\/wp\/v2\/product\/4825\/revisions\/4828"}],"wp:featuredmedia":[{"embeddable":true,"href":"https:\/\/cardancabos.com\/en\/wp-json\/wp\/v2\/media\/4827"}],"wp:attachment":[{"href":"https:\/\/cardancabos.com\/en\/wp-json\/wp\/v2\/media?parent=4825"}],"wp:term":[{"taxonomy":"product_brand","embeddable":true,"href":"https:\/\/cardancabos.com\/en\/wp-json\/wp\/v2\/product_brand?post=4825"},{"taxonomy":"product_cat","embeddable":true,"href":"https:\/\/cardancabos.com\/en\/wp-json\/wp\/v2\/product_cat?post=4825"},{"taxonomy":"product_tag","embeddable":true,"href":"https:\/\/cardancabos.com\/en\/wp-json\/wp\/v2\/product_tag?post=4825"}],"curies":[{"name":"wp","href":"https:\/\/api.w.org\/{rel}","templated":true}]}}