{"id":4818,"date":"2024-12-06T20:54:28","date_gmt":"2024-12-06T20:54:28","guid":{"rendered":"https:\/\/cardancabos.com\/?post_type=product&#038;p=4818"},"modified":"2025-04-09T19:59:46","modified_gmt":"2025-04-09T19:59:46","slug":"pantalon-sally-con-ecoprint","status":"publish","type":"product","link":"https:\/\/cardancabos.com\/en\/product\/pantalon-sally-con-ecoprint\/","title":{"rendered":"Pantal\u00f3n Salty con ecoprint"},"content":{"rendered":"<p>Pantal\u00f3n con el\u00e1stico en la cintura (espalda) ideal para adaptarse a diferentes cuerpos.<\/p>\n<p>El modelo es m\u00e1s justo en la cintura y amplio en las piernas.<\/p>\n<p>Elaborado en 100% lino con impresi\u00f3n bot\u00e1nica en hojas de molle ceniciento y casuarina.<\/p>\n<p>Cada pieza es exclusiva. En caso que quieras que te elaboremos una especialmente para ti, en el talle y estampado que quieras no dudes en escribirnos.<\/p>","protected":false},"excerpt":{"rendered":"<p>Pantal\u00f3n de lino con dise\u00f1o exclusivo en impresi\u00f3n bot\u00e1nica.<\/p>","protected":false},"featured_media":4819,"template":"","meta":{"_coblocks_attr":"","_coblocks_dimensions":"","_coblocks_responsive_height":"","_coblocks_accordion_ie_support":"","_themeisle_gutenberg_block_has_review":false},"product_brand":[],"product_cat":[230,143],"product_tag":[232,275],"class_list":{"0":"post-4818","1":"product","2":"type-product","3":"status-publish","4":"has-post-thumbnail","6":"product_cat-ecoprint-indumentaria","7":"product_cat-indumentaria","8":"product_tag-ecoprint","9":"product_tag-indumentaria","11":"first","12":"onbackorder","13":"shipping-taxable","14":"purchasable","15":"product-type-simple"},"_links":{"self":[{"href":"https:\/\/cardancabos.com\/en\/wp-json\/wp\/v2\/product\/4818","targetHints":{"allow":["GET"]}}],"collection":[{"href":"https:\/\/cardancabos.com\/en\/wp-json\/wp\/v2\/product"}],"about":[{"href":"https:\/\/cardancabos.com\/en\/wp-json\/wp\/v2\/types\/product"}],"version-history":[{"count":3,"href":"https:\/\/cardancabos.com\/en\/wp-json\/wp\/v2\/product\/4818\/revisions"}],"predecessor-version":[{"id":4898,"href":"https:\/\/cardancabos.com\/en\/wp-json\/wp\/v2\/product\/4818\/revisions\/4898"}],"wp:featuredmedia":[{"embeddable":true,"href":"https:\/\/cardancabos.com\/en\/wp-json\/wp\/v2\/media\/4819"}],"wp:attachment":[{"href":"https:\/\/cardancabos.com\/en\/wp-json\/wp\/v2\/media?parent=4818"}],"wp:term":[{"taxonomy":"product_brand","embeddable":true,"href":"https:\/\/cardancabos.com\/en\/wp-json\/wp\/v2\/product_brand?post=4818"},{"taxonomy":"product_cat","embeddable":true,"href":"https:\/\/cardancabos.com\/en\/wp-json\/wp\/v2\/product_cat?post=4818"},{"taxonomy":"product_tag","embeddable":true,"href":"https:\/\/cardancabos.com\/en\/wp-json\/wp\/v2\/product_tag?post=4818"}],"curies":[{"name":"wp","href":"https:\/\/api.w.org\/{rel}","templated":true}]}}