{"id":4814,"date":"2024-12-06T20:29:23","date_gmt":"2024-12-06T20:29:23","guid":{"rendered":"https:\/\/cardancabos.com\/?post_type=product&#038;p=4814"},"modified":"2025-04-09T21:18:35","modified_gmt":"2025-04-09T21:18:35","slug":"camisa-lara-con-ecoprint","status":"publish","type":"product","link":"https:\/\/cardancabos.com\/en\/product\/camisa-lara-con-ecoprint\/","title":{"rendered":"Camisa Lara con ecoprint"},"content":{"rendered":"<p>Esta camisa es super canchera, con lazos en la vista que se ajustan a diferentes bustos.<\/p>\n<p>Elaborada en Uruguay con 100% lino, y luego estampada con hojas de eucaliptus.<\/p>\n<p>Mide 40 cm de largo.<\/p>","protected":false},"excerpt":{"rendered":"<p>Camisa corta de lino con estampa \u00fanica en impresi\u00f3n bot\u00e1nica.<\/p>","protected":false},"featured_media":4815,"template":"","meta":{"_coblocks_attr":"","_coblocks_dimensions":"","_coblocks_responsive_height":"","_coblocks_accordion_ie_support":"","_themeisle_gutenberg_block_has_review":false},"product_brand":[],"product_cat":[230,143],"product_tag":[232],"class_list":{"0":"post-4814","1":"product","2":"type-product","3":"status-publish","4":"has-post-thumbnail","6":"product_cat-ecoprint-indumentaria","7":"product_cat-indumentaria","8":"product_tag-ecoprint","10":"first","11":"onbackorder","12":"shipping-taxable","13":"purchasable","14":"product-type-simple"},"_links":{"self":[{"href":"https:\/\/cardancabos.com\/en\/wp-json\/wp\/v2\/product\/4814","targetHints":{"allow":["GET"]}}],"collection":[{"href":"https:\/\/cardancabos.com\/en\/wp-json\/wp\/v2\/product"}],"about":[{"href":"https:\/\/cardancabos.com\/en\/wp-json\/wp\/v2\/types\/product"}],"version-history":[{"count":1,"href":"https:\/\/cardancabos.com\/en\/wp-json\/wp\/v2\/product\/4814\/revisions"}],"predecessor-version":[{"id":4817,"href":"https:\/\/cardancabos.com\/en\/wp-json\/wp\/v2\/product\/4814\/revisions\/4817"}],"wp:featuredmedia":[{"embeddable":true,"href":"https:\/\/cardancabos.com\/en\/wp-json\/wp\/v2\/media\/4815"}],"wp:attachment":[{"href":"https:\/\/cardancabos.com\/en\/wp-json\/wp\/v2\/media?parent=4814"}],"wp:term":[{"taxonomy":"product_brand","embeddable":true,"href":"https:\/\/cardancabos.com\/en\/wp-json\/wp\/v2\/product_brand?post=4814"},{"taxonomy":"product_cat","embeddable":true,"href":"https:\/\/cardancabos.com\/en\/wp-json\/wp\/v2\/product_cat?post=4814"},{"taxonomy":"product_tag","embeddable":true,"href":"https:\/\/cardancabos.com\/en\/wp-json\/wp\/v2\/product_tag?post=4814"}],"curies":[{"name":"wp","href":"https:\/\/api.w.org\/{rel}","templated":true}]}}