{"id":4807,"date":"2024-12-06T12:55:22","date_gmt":"2024-12-06T12:55:22","guid":{"rendered":"https:\/\/cardancabos.com\/?post_type=product&#038;p=4807"},"modified":"2025-04-09T00:05:57","modified_gmt":"2025-04-09T00:05:57","slug":"vestido-fly","status":"publish","type":"product","link":"https:\/\/cardancabos.com\/en\/product\/vestido-fly\/","title":{"rendered":"Vestido Fly"},"content":{"rendered":"<p>Este vestido es uno de nuestras joyitas para el verano. La viscosa le da esa frescura, un vuelo maravilloso y a su vez le da ca\u00edda.<\/p>\n<p>Cada dise\u00f1o es \u00fanico, ya que su estampa est\u00e1 elaborada con la t\u00e9cnica de impresi\u00f3n bot\u00e1nica.<\/p>\n<p>El dise\u00f1o de este vestido en particular est\u00e1 estampado con hojas de grevilea no se encuentra en stock.<br \/>\nAsk us about the print designs we have available!<\/p>","protected":false},"excerpt":{"rendered":"<p>Vestido fresco, con dise\u00f1o \u00fanico de impresi\u00f3n bot\u00e1nica.<\/p>","protected":false},"featured_media":4808,"template":"","meta":{"_coblocks_attr":"","_coblocks_dimensions":"","_coblocks_responsive_height":"","_coblocks_accordion_ie_support":"","_themeisle_gutenberg_block_has_review":false},"product_brand":[],"product_cat":[230,143,284],"product_tag":[],"class_list":{"0":"post-4807","1":"product","2":"type-product","3":"status-publish","4":"has-post-thumbnail","6":"product_cat-ecoprint-indumentaria","7":"product_cat-indumentaria","8":"product_cat-vestidos","10":"first","11":"onbackorder","12":"shipping-taxable","13":"purchasable","14":"product-type-simple"},"_links":{"self":[{"href":"https:\/\/cardancabos.com\/en\/wp-json\/wp\/v2\/product\/4807","targetHints":{"allow":["GET"]}}],"collection":[{"href":"https:\/\/cardancabos.com\/en\/wp-json\/wp\/v2\/product"}],"about":[{"href":"https:\/\/cardancabos.com\/en\/wp-json\/wp\/v2\/types\/product"}],"version-history":[{"count":3,"href":"https:\/\/cardancabos.com\/en\/wp-json\/wp\/v2\/product\/4807\/revisions"}],"predecessor-version":[{"id":4892,"href":"https:\/\/cardancabos.com\/en\/wp-json\/wp\/v2\/product\/4807\/revisions\/4892"}],"wp:featuredmedia":[{"embeddable":true,"href":"https:\/\/cardancabos.com\/en\/wp-json\/wp\/v2\/media\/4808"}],"wp:attachment":[{"href":"https:\/\/cardancabos.com\/en\/wp-json\/wp\/v2\/media?parent=4807"}],"wp:term":[{"taxonomy":"product_brand","embeddable":true,"href":"https:\/\/cardancabos.com\/en\/wp-json\/wp\/v2\/product_brand?post=4807"},{"taxonomy":"product_cat","embeddable":true,"href":"https:\/\/cardancabos.com\/en\/wp-json\/wp\/v2\/product_cat?post=4807"},{"taxonomy":"product_tag","embeddable":true,"href":"https:\/\/cardancabos.com\/en\/wp-json\/wp\/v2\/product_tag?post=4807"}],"curies":[{"name":"wp","href":"https:\/\/api.w.org\/{rel}","templated":true}]}}