{"id":4784,"date":"2024-12-05T21:06:06","date_gmt":"2024-12-05T21:06:06","guid":{"rendered":"https:\/\/cardancabos.com\/?post_type=product&#038;p=4784"},"modified":"2025-04-09T00:36:41","modified_gmt":"2025-04-09T00:36:41","slug":"4784","status":"publish","type":"product","link":"https:\/\/cardancabos.com\/en\/product\/4784\/","title":{"rendered":"Saco Calma (con tinte natural)"},"content":{"rendered":"<p>Este saco es uno de nuestros cl\u00e1sicos, tejido en suave lana merino. Este color vis\u00f3n en particular est\u00e1 te\u00f1ido con tinte natural de ecualiptus cinerea.<\/p>\n<p>Esta misma prenda pero en color crudo, tiene un valor menor por no tener el color con tinte natural. Esto se aplica de igual forma con todos los dise\u00f1os. <\/p>\n<p>Cons\u00faltanos cu\u00e1les colores de te\u00f1ido natural tenemos disponibles.<\/p>","protected":false},"excerpt":{"rendered":"<p>Saco con botones de n\u00e1car, tejido en lana merino te\u00f1ida con tinte natural.<\/p>","protected":false},"featured_media":4785,"template":"","meta":{"_coblocks_attr":"","_coblocks_dimensions":"","_coblocks_responsive_height":"","_coblocks_accordion_ie_support":"","_themeisle_gutenberg_block_has_review":false},"product_brand":[],"product_cat":[143,162,144],"product_tag":[299],"class_list":{"0":"post-4784","1":"product","2":"type-product","3":"status-publish","4":"has-post-thumbnail","6":"product_cat-indumentaria","7":"product_cat-sacos","8":"product_cat-tejido-de-punto","9":"product_tag-indumentaria-sacos","11":"first","12":"onbackorder","13":"shipping-taxable","14":"purchasable","15":"product-type-simple"},"_links":{"self":[{"href":"https:\/\/cardancabos.com\/en\/wp-json\/wp\/v2\/product\/4784","targetHints":{"allow":["GET"]}}],"collection":[{"href":"https:\/\/cardancabos.com\/en\/wp-json\/wp\/v2\/product"}],"about":[{"href":"https:\/\/cardancabos.com\/en\/wp-json\/wp\/v2\/types\/product"}],"version-history":[{"count":6,"href":"https:\/\/cardancabos.com\/en\/wp-json\/wp\/v2\/product\/4784\/revisions"}],"predecessor-version":[{"id":4903,"href":"https:\/\/cardancabos.com\/en\/wp-json\/wp\/v2\/product\/4784\/revisions\/4903"}],"wp:featuredmedia":[{"embeddable":true,"href":"https:\/\/cardancabos.com\/en\/wp-json\/wp\/v2\/media\/4785"}],"wp:attachment":[{"href":"https:\/\/cardancabos.com\/en\/wp-json\/wp\/v2\/media?parent=4784"}],"wp:term":[{"taxonomy":"product_brand","embeddable":true,"href":"https:\/\/cardancabos.com\/en\/wp-json\/wp\/v2\/product_brand?post=4784"},{"taxonomy":"product_cat","embeddable":true,"href":"https:\/\/cardancabos.com\/en\/wp-json\/wp\/v2\/product_cat?post=4784"},{"taxonomy":"product_tag","embeddable":true,"href":"https:\/\/cardancabos.com\/en\/wp-json\/wp\/v2\/product_tag?post=4784"}],"curies":[{"name":"wp","href":"https:\/\/api.w.org\/{rel}","templated":true}]}}