{"id":4756,"date":"2024-12-05T20:06:45","date_gmt":"2024-12-05T20:06:45","guid":{"rendered":"https:\/\/cardancabos.com\/?post_type=product&#038;p=4756"},"modified":"2025-04-09T21:32:02","modified_gmt":"2025-04-09T21:32:02","slug":"sweater-lanin","status":"publish","type":"product","link":"https:\/\/cardancabos.com\/en\/product\/sweater-lanin\/","title":{"rendered":"Sweater Lanin"},"content":{"rendered":"<p>Sweater con cuello a la base, al cuerpo y molder\u00eda b\u00e1sica. Tejida con dise\u00f1o de jacquard. Esta es una de las tantas combinaciones posibles que se pueden lograr con nuestras lanas te\u00f1idas en tinte natural.<\/p>\n<p>Cons\u00faltanos cu\u00e1les colores de te\u00f1ido natural tenemos disponibles para dise\u00f1ar tu propia combinaci\u00f3n.<\/p>","protected":false},"excerpt":{"rendered":"<p>Sweater tejido en lana merino con un dise\u00f1o de jacquard \u00fanico.<\/p>","protected":false},"featured_media":4758,"template":"","meta":{"_coblocks_attr":"","_coblocks_dimensions":"","_coblocks_responsive_height":"","_coblocks_accordion_ie_support":"","_themeisle_gutenberg_block_has_review":false},"product_brand":[],"product_cat":[143,166,144],"product_tag":[],"class_list":{"0":"post-4756","1":"product","2":"type-product","3":"status-publish","4":"has-post-thumbnail","6":"product_cat-indumentaria","7":"product_cat-sweaters","8":"product_cat-tejido-de-punto","10":"first","11":"onbackorder","12":"shipping-taxable","13":"purchasable","14":"product-type-simple"},"_links":{"self":[{"href":"https:\/\/cardancabos.com\/en\/wp-json\/wp\/v2\/product\/4756","targetHints":{"allow":["GET"]}}],"collection":[{"href":"https:\/\/cardancabos.com\/en\/wp-json\/wp\/v2\/product"}],"about":[{"href":"https:\/\/cardancabos.com\/en\/wp-json\/wp\/v2\/types\/product"}],"version-history":[{"count":3,"href":"https:\/\/cardancabos.com\/en\/wp-json\/wp\/v2\/product\/4756\/revisions"}],"predecessor-version":[{"id":4981,"href":"https:\/\/cardancabos.com\/en\/wp-json\/wp\/v2\/product\/4756\/revisions\/4981"}],"wp:featuredmedia":[{"embeddable":true,"href":"https:\/\/cardancabos.com\/en\/wp-json\/wp\/v2\/media\/4758"}],"wp:attachment":[{"href":"https:\/\/cardancabos.com\/en\/wp-json\/wp\/v2\/media?parent=4756"}],"wp:term":[{"taxonomy":"product_brand","embeddable":true,"href":"https:\/\/cardancabos.com\/en\/wp-json\/wp\/v2\/product_brand?post=4756"},{"taxonomy":"product_cat","embeddable":true,"href":"https:\/\/cardancabos.com\/en\/wp-json\/wp\/v2\/product_cat?post=4756"},{"taxonomy":"product_tag","embeddable":true,"href":"https:\/\/cardancabos.com\/en\/wp-json\/wp\/v2\/product_tag?post=4756"}],"curies":[{"name":"wp","href":"https:\/\/api.w.org\/{rel}","templated":true}]}}