{"id":4753,"date":"2024-12-05T19:47:38","date_gmt":"2024-12-05T19:47:38","guid":{"rendered":"https:\/\/cardancabos.com\/?post_type=product&#038;p=4753"},"modified":"2025-04-09T21:36:21","modified_gmt":"2025-04-09T21:36:21","slug":"sweater-astro-2","status":"publish","type":"product","link":"https:\/\/cardancabos.com\/en\/product\/sweater-astro-2\/","title":{"rendered":"Sweater Astro"},"content":{"rendered":"<div>\n<p>Sweater tejido a mano y luego bordado punto por punto para lograr el dise\u00f1o del canes\u00fa.<\/p>\n<p>Hecho en lana merino te\u00f1ida con tintes naturales. Cada color de la prenda est\u00e1 te\u00f1ido con diferentes pigmentos naturales.<\/p>\n<\/div>\n<div>\n<p>Es una pieza muy especial, ya que cada combinaci\u00f3n es \u00fanica.<\/p>\n<\/div>\n<div>\n<p>Cons\u00faltanos cu\u00e1les colores de te\u00f1ido natural tenemos disponibles para posibles combinaciones disponibles.<\/p>","protected":false},"excerpt":{"rendered":"<p>Sweater tejido en lana merino con te\u00f1ido natural.<\/p>","protected":false},"featured_media":4754,"template":"","meta":{"_coblocks_attr":"","_coblocks_dimensions":"","_coblocks_responsive_height":"","_coblocks_accordion_ie_support":"","_themeisle_gutenberg_block_has_review":false},"product_brand":[],"product_cat":[143,166,144],"product_tag":[220],"class_list":{"0":"post-4753","1":"product","2":"type-product","3":"status-publish","4":"has-post-thumbnail","6":"product_cat-indumentaria","7":"product_cat-sweaters","8":"product_cat-tejido-de-punto","9":"product_tag-indumentaria-tejido-de-punto-sweaters","11":"first","12":"onbackorder","13":"shipping-taxable","14":"purchasable","15":"product-type-simple"},"_links":{"self":[{"href":"https:\/\/cardancabos.com\/en\/wp-json\/wp\/v2\/product\/4753","targetHints":{"allow":["GET"]}}],"collection":[{"href":"https:\/\/cardancabos.com\/en\/wp-json\/wp\/v2\/product"}],"about":[{"href":"https:\/\/cardancabos.com\/en\/wp-json\/wp\/v2\/types\/product"}],"version-history":[{"count":3,"href":"https:\/\/cardancabos.com\/en\/wp-json\/wp\/v2\/product\/4753\/revisions"}],"predecessor-version":[{"id":4983,"href":"https:\/\/cardancabos.com\/en\/wp-json\/wp\/v2\/product\/4753\/revisions\/4983"}],"wp:featuredmedia":[{"embeddable":true,"href":"https:\/\/cardancabos.com\/en\/wp-json\/wp\/v2\/media\/4754"}],"wp:attachment":[{"href":"https:\/\/cardancabos.com\/en\/wp-json\/wp\/v2\/media?parent=4753"}],"wp:term":[{"taxonomy":"product_brand","embeddable":true,"href":"https:\/\/cardancabos.com\/en\/wp-json\/wp\/v2\/product_brand?post=4753"},{"taxonomy":"product_cat","embeddable":true,"href":"https:\/\/cardancabos.com\/en\/wp-json\/wp\/v2\/product_cat?post=4753"},{"taxonomy":"product_tag","embeddable":true,"href":"https:\/\/cardancabos.com\/en\/wp-json\/wp\/v2\/product_tag?post=4753"}],"curies":[{"name":"wp","href":"https:\/\/api.w.org\/{rel}","templated":true}]}}