{"id":4725,"date":"2024-07-11T22:02:04","date_gmt":"2024-07-11T22:02:04","guid":{"rendered":"https:\/\/cardancabos.com\/?post_type=product&#038;p=4725"},"modified":"2025-04-09T21:39:55","modified_gmt":"2025-04-09T21:39:55","slug":"campera-loa-primera-combinacion","status":"publish","type":"product","link":"https:\/\/cardancabos.com\/en\/product\/campera-loa-primera-combinacion\/","title":{"rendered":"Campera Loa (primera combinaci\u00f3n)"},"content":{"rendered":"<p>Esta campera est\u00e1 elaborada con retazos de nuestras colecciones de lino. La t\u00e9cnica patchwork nos permite aprovechar todos los peque\u00f1os excedentes para evitar un residuo textil innecesario.<\/p>\n<div>\n<div>\n<p>Adem\u00e1s de las piezas de lino en color pleno, tambi\u00e9n est\u00e1n las que tienen impresi\u00f3n bot\u00e1nica, d\u00e1ndole un toque org\u00e1nico a la composici\u00f3n de l\u00edneas rectas y geom\u00e9tricas.<\/p>\n<\/div>\n<\/div>\n<p>Cada campera es \u00fanica. El dise\u00f1o de la foto es de TALLE M.<\/p>","protected":false},"excerpt":{"rendered":"<p>Campera con bolsillos y botones a presi\u00f3n. Elaborada con la t\u00e9cnica de patchwork.<\/p>","protected":false},"featured_media":4730,"template":"","meta":{"_coblocks_attr":"","_coblocks_dimensions":"","_coblocks_responsive_height":"","_coblocks_accordion_ie_support":"","_themeisle_gutenberg_block_has_review":false},"product_brand":[],"product_cat":[230,143],"product_tag":[],"class_list":{"0":"post-4725","1":"product","2":"type-product","3":"status-publish","4":"has-post-thumbnail","6":"product_cat-ecoprint-indumentaria","7":"product_cat-indumentaria","9":"first","10":"instock","11":"shipping-taxable","12":"purchasable","13":"product-type-simple"},"_links":{"self":[{"href":"https:\/\/cardancabos.com\/en\/wp-json\/wp\/v2\/product\/4725","targetHints":{"allow":["GET"]}}],"collection":[{"href":"https:\/\/cardancabos.com\/en\/wp-json\/wp\/v2\/product"}],"about":[{"href":"https:\/\/cardancabos.com\/en\/wp-json\/wp\/v2\/types\/product"}],"version-history":[{"count":4,"href":"https:\/\/cardancabos.com\/en\/wp-json\/wp\/v2\/product\/4725\/revisions"}],"predecessor-version":[{"id":4749,"href":"https:\/\/cardancabos.com\/en\/wp-json\/wp\/v2\/product\/4725\/revisions\/4749"}],"wp:featuredmedia":[{"embeddable":true,"href":"https:\/\/cardancabos.com\/en\/wp-json\/wp\/v2\/media\/4730"}],"wp:attachment":[{"href":"https:\/\/cardancabos.com\/en\/wp-json\/wp\/v2\/media?parent=4725"}],"wp:term":[{"taxonomy":"product_brand","embeddable":true,"href":"https:\/\/cardancabos.com\/en\/wp-json\/wp\/v2\/product_brand?post=4725"},{"taxonomy":"product_cat","embeddable":true,"href":"https:\/\/cardancabos.com\/en\/wp-json\/wp\/v2\/product_cat?post=4725"},{"taxonomy":"product_tag","embeddable":true,"href":"https:\/\/cardancabos.com\/en\/wp-json\/wp\/v2\/product_tag?post=4725"}],"curies":[{"name":"wp","href":"https:\/\/api.w.org\/{rel}","templated":true}]}}