{"id":4679,"date":"2024-05-08T19:46:22","date_gmt":"2024-05-08T19:46:22","guid":{"rendered":"https:\/\/cardancabos.com\/?post_type=product&#038;p=4679"},"modified":"2025-07-21T03:05:42","modified_gmt":"2025-07-21T03:05:42","slug":"chaleco-arena-tinte-natural","status":"publish","type":"product","link":"https:\/\/cardancabos.com\/en\/product\/chaleco-arena-tinte-natural\/","title":{"rendered":"Chaleco Arena (tinte natural)"},"content":{"rendered":"<p>Chaleco escote en V, con botones de n\u00e1car. \u00a0Dise\u00f1o con puntos calados generando una textura liviana.<\/p>\n<p>Tejido a mano en 100% lana merino. Particularmente los colores amarillo y verde claro est\u00e1n te\u00f1idos con eucaliptos cinerea.<br \/>\nCons\u00faltanos cu\u00e1les colores de te\u00f1ido natural tenemos disponibles.<\/p>\n<p \nstyle=\"font-weight: 400;\">Esta misma prenda pero en color crudo, tiene un valor menor por no tener el color con tinte natural. Esto se aplica de igual forma con todos los dise\u00f1os.<\/p>\n<p>&nbsp;<\/p>","protected":false},"excerpt":{"rendered":"<p>Chaleco liviano, tejido a mano en 100% lana merino con te\u00f1ido natural. <\/p>","protected":false},"featured_media":4680,"template":"","meta":{"_coblocks_attr":"","_coblocks_dimensions":"","_coblocks_responsive_height":"","_coblocks_accordion_ie_support":"","_themeisle_gutenberg_block_has_review":false},"product_brand":[],"product_cat":[236,143,144],"product_tag":[271],"class_list":{"0":"post-4679","1":"product","2":"type-product","3":"status-publish","4":"has-post-thumbnail","6":"product_cat-chalecos","7":"product_cat-indumentaria","8":"product_cat-tejido-de-punto","9":"product_tag-indumentaria-tejido-de-punto-chalecos","11":"first","12":"onbackorder","13":"shipping-taxable","14":"purchasable","15":"product-type-simple"},"_links":{"self":[{"href":"https:\/\/cardancabos.com\/en\/wp-json\/wp\/v2\/product\/4679","targetHints":{"allow":["GET"]}}],"collection":[{"href":"https:\/\/cardancabos.com\/en\/wp-json\/wp\/v2\/product"}],"about":[{"href":"https:\/\/cardancabos.com\/en\/wp-json\/wp\/v2\/types\/product"}],"version-history":[{"count":4,"href":"https:\/\/cardancabos.com\/en\/wp-json\/wp\/v2\/product\/4679\/revisions"}],"predecessor-version":[{"id":4938,"href":"https:\/\/cardancabos.com\/en\/wp-json\/wp\/v2\/product\/4679\/revisions\/4938"}],"wp:featuredmedia":[{"embeddable":true,"href":"https:\/\/cardancabos.com\/en\/wp-json\/wp\/v2\/media\/4680"}],"wp:attachment":[{"href":"https:\/\/cardancabos.com\/en\/wp-json\/wp\/v2\/media?parent=4679"}],"wp:term":[{"taxonomy":"product_brand","embeddable":true,"href":"https:\/\/cardancabos.com\/en\/wp-json\/wp\/v2\/product_brand?post=4679"},{"taxonomy":"product_cat","embeddable":true,"href":"https:\/\/cardancabos.com\/en\/wp-json\/wp\/v2\/product_cat?post=4679"},{"taxonomy":"product_tag","embeddable":true,"href":"https:\/\/cardancabos.com\/en\/wp-json\/wp\/v2\/product_tag?post=4679"}],"curies":[{"name":"wp","href":"https:\/\/api.w.org\/{rel}","templated":true}]}}