{"id":4611,"date":"2024-04-16T17:57:50","date_gmt":"2024-04-16T17:57:50","guid":{"rendered":"https:\/\/cardancabos.com\/?post_type=product&#038;p=4611"},"modified":"2025-04-09T14:58:41","modified_gmt":"2025-04-09T14:58:41","slug":"camisa-ganesha-2","status":"publish","type":"product","link":"https:\/\/cardancabos.com\/en\/product\/camisa-ganesha-2\/","title":{"rendered":"Camisa Ganesha"},"content":{"rendered":"<p>Camisa amplia con tabla en la espalda y botones de n\u00e1car.<\/p>\n<p>100% lino, con dise\u00f1o exclusivo de impresi\u00f3n bot\u00e1nica.<\/p>\n<p>Ask us about the print designs we have available!<\/p>","protected":false},"excerpt":{"rendered":"<p>Camisa de lino con dise\u00f1o exclusivo en impresi\u00f3n bot\u00e1nica.<\/p>","protected":false},"featured_media":4617,"template":"","meta":{"_coblocks_attr":"","_coblocks_dimensions":"","_coblocks_responsive_height":"","_coblocks_accordion_ie_support":"","_themeisle_gutenberg_block_has_review":false},"product_brand":[],"product_cat":[230,143],"product_tag":[232,275],"class_list":{"0":"post-4611","1":"product","2":"type-product","3":"status-publish","4":"has-post-thumbnail","6":"product_cat-ecoprint-indumentaria","7":"product_cat-indumentaria","8":"product_tag-ecoprint","9":"product_tag-indumentaria","11":"first","12":"onbackorder","13":"shipping-taxable","14":"purchasable","15":"product-type-simple"},"_links":{"self":[{"href":"https:\/\/cardancabos.com\/en\/wp-json\/wp\/v2\/product\/4611","targetHints":{"allow":["GET"]}}],"collection":[{"href":"https:\/\/cardancabos.com\/en\/wp-json\/wp\/v2\/product"}],"about":[{"href":"https:\/\/cardancabos.com\/en\/wp-json\/wp\/v2\/types\/product"}],"version-history":[{"count":1,"href":"https:\/\/cardancabos.com\/en\/wp-json\/wp\/v2\/product\/4611\/revisions"}],"predecessor-version":[{"id":4621,"href":"https:\/\/cardancabos.com\/en\/wp-json\/wp\/v2\/product\/4611\/revisions\/4621"}],"wp:featuredmedia":[{"embeddable":true,"href":"https:\/\/cardancabos.com\/en\/wp-json\/wp\/v2\/media\/4617"}],"wp:attachment":[{"href":"https:\/\/cardancabos.com\/en\/wp-json\/wp\/v2\/media?parent=4611"}],"wp:term":[{"taxonomy":"product_brand","embeddable":true,"href":"https:\/\/cardancabos.com\/en\/wp-json\/wp\/v2\/product_brand?post=4611"},{"taxonomy":"product_cat","embeddable":true,"href":"https:\/\/cardancabos.com\/en\/wp-json\/wp\/v2\/product_cat?post=4611"},{"taxonomy":"product_tag","embeddable":true,"href":"https:\/\/cardancabos.com\/en\/wp-json\/wp\/v2\/product_tag?post=4611"}],"curies":[{"name":"wp","href":"https:\/\/api.w.org\/{rel}","templated":true}]}}