{"id":4524,"date":"2024-02-06T21:03:57","date_gmt":"2024-02-06T21:03:57","guid":{"rendered":"https:\/\/cardancabos.com\/?post_type=product&#038;p=4524"},"modified":"2025-04-09T15:08:48","modified_gmt":"2025-04-09T15:08:48","slug":"vestido-toscana","status":"publish","type":"product","link":"https:\/\/cardancabos.com\/en\/product\/vestido-toscana\/","title":{"rendered":"Vestido Toscana"},"content":{"rendered":"<p>Vestido con escote en V en delantera y espalda. De lino con dise\u00f1o de impresi\u00f3n bot\u00e1nica.<br \/>\nEste vestido queda hermoso en conjunto con chaleco tejido tal cual como te mostramos en una de las im\u00e1genes.<br \/>\nEsta prenda en particular est\u00e1 estampado con hojas de roble y casuarina.<\/p>\n<p>Cons\u00faltanos por los dise\u00f1os de estampas posibles para encargar tu dise\u00f1o personal. <\/p>","protected":false},"excerpt":{"rendered":"<p>Vestido de lino con dise\u00f1o \u00fanico de ecoprint.<br \/>\nDise\u00f1o disponible s\u00f3lo por encargo.<\/p>","protected":false},"featured_media":4532,"template":"","meta":{"_coblocks_attr":"","_coblocks_dimensions":"","_coblocks_responsive_height":"","_coblocks_accordion_ie_support":"","_themeisle_gutenberg_block_has_review":false},"product_brand":[],"product_cat":[230,143],"product_tag":[232,301],"class_list":{"0":"post-4524","1":"product","2":"type-product","3":"status-publish","4":"has-post-thumbnail","6":"product_cat-ecoprint-indumentaria","7":"product_cat-indumentaria","8":"product_tag-ecoprint","9":"product_tag-indumentaria-vestidos","11":"first","12":"onbackorder","13":"shipping-taxable","14":"purchasable","15":"product-type-simple"},"_links":{"self":[{"href":"https:\/\/cardancabos.com\/en\/wp-json\/wp\/v2\/product\/4524","targetHints":{"allow":["GET"]}}],"collection":[{"href":"https:\/\/cardancabos.com\/en\/wp-json\/wp\/v2\/product"}],"about":[{"href":"https:\/\/cardancabos.com\/en\/wp-json\/wp\/v2\/types\/product"}],"version-history":[{"count":4,"href":"https:\/\/cardancabos.com\/en\/wp-json\/wp\/v2\/product\/4524\/revisions"}],"predecessor-version":[{"id":4942,"href":"https:\/\/cardancabos.com\/en\/wp-json\/wp\/v2\/product\/4524\/revisions\/4942"}],"wp:featuredmedia":[{"embeddable":true,"href":"https:\/\/cardancabos.com\/en\/wp-json\/wp\/v2\/media\/4532"}],"wp:attachment":[{"href":"https:\/\/cardancabos.com\/en\/wp-json\/wp\/v2\/media?parent=4524"}],"wp:term":[{"taxonomy":"product_brand","embeddable":true,"href":"https:\/\/cardancabos.com\/en\/wp-json\/wp\/v2\/product_brand?post=4524"},{"taxonomy":"product_cat","embeddable":true,"href":"https:\/\/cardancabos.com\/en\/wp-json\/wp\/v2\/product_cat?post=4524"},{"taxonomy":"product_tag","embeddable":true,"href":"https:\/\/cardancabos.com\/en\/wp-json\/wp\/v2\/product_tag?post=4524"}],"curies":[{"name":"wp","href":"https:\/\/api.w.org\/{rel}","templated":true}]}}