{"id":4487,"date":"2023-12-11T13:19:44","date_gmt":"2023-12-11T13:19:44","guid":{"rendered":"https:\/\/cardancabos.com\/?post_type=product&#038;p=4487"},"modified":"2025-04-13T21:39:05","modified_gmt":"2025-04-13T21:39:05","slug":"top-into-con-ecoprint","status":"publish","type":"product","link":"https:\/\/cardancabos.com\/en\/product\/top-into-con-ecoprint\/","title":{"rendered":"Top Inti con ecoprint"},"content":{"rendered":"<p>Top con dise\u00f1o recto, breteles anchos y lazo en la espalda para ajustarlo al cuerpo.<\/p>\n<p>Dise\u00f1o de impresi\u00f3n bot\u00e1nica.<\/p>\n<p>En caso que quieras que el top sea mas largo y con otra estampa, puedes comunicarte con nosotras para contarnos y poder hacerte un top especialmente para ti.<\/p>","protected":false},"excerpt":{"rendered":"<p>Top de lino, con dise\u00f1o \u00fanico en ecoprint.<\/p>","protected":false},"featured_media":4488,"template":"","meta":{"_coblocks_attr":"","_coblocks_dimensions":"","_coblocks_responsive_height":"","_coblocks_accordion_ie_support":"","_themeisle_gutenberg_block_has_review":false},"product_brand":[],"product_cat":[230,143],"product_tag":[232,275],"class_list":{"0":"post-4487","1":"product","2":"type-product","3":"status-publish","4":"has-post-thumbnail","6":"product_cat-ecoprint-indumentaria","7":"product_cat-indumentaria","8":"product_tag-ecoprint","9":"product_tag-indumentaria","11":"first","12":"onbackorder","13":"shipping-taxable","14":"purchasable","15":"product-type-simple"},"_links":{"self":[{"href":"https:\/\/cardancabos.com\/en\/wp-json\/wp\/v2\/product\/4487","targetHints":{"allow":["GET"]}}],"collection":[{"href":"https:\/\/cardancabos.com\/en\/wp-json\/wp\/v2\/product"}],"about":[{"href":"https:\/\/cardancabos.com\/en\/wp-json\/wp\/v2\/types\/product"}],"version-history":[{"count":3,"href":"https:\/\/cardancabos.com\/en\/wp-json\/wp\/v2\/product\/4487\/revisions"}],"predecessor-version":[{"id":4492,"href":"https:\/\/cardancabos.com\/en\/wp-json\/wp\/v2\/product\/4487\/revisions\/4492"}],"wp:featuredmedia":[{"embeddable":true,"href":"https:\/\/cardancabos.com\/en\/wp-json\/wp\/v2\/media\/4488"}],"wp:attachment":[{"href":"https:\/\/cardancabos.com\/en\/wp-json\/wp\/v2\/media?parent=4487"}],"wp:term":[{"taxonomy":"product_brand","embeddable":true,"href":"https:\/\/cardancabos.com\/en\/wp-json\/wp\/v2\/product_brand?post=4487"},{"taxonomy":"product_cat","embeddable":true,"href":"https:\/\/cardancabos.com\/en\/wp-json\/wp\/v2\/product_cat?post=4487"},{"taxonomy":"product_tag","embeddable":true,"href":"https:\/\/cardancabos.com\/en\/wp-json\/wp\/v2\/product_tag?post=4487"}],"curies":[{"name":"wp","href":"https:\/\/api.w.org\/{rel}","templated":true}]}}