{"id":4472,"date":"2023-12-10T23:25:17","date_gmt":"2023-12-10T23:25:17","guid":{"rendered":"https:\/\/cardancabos.com\/?post_type=product&#038;p=4472"},"modified":"2025-04-09T00:22:16","modified_gmt":"2025-04-09T00:22:16","slug":"chaleco-allen","status":"publish","type":"product","link":"https:\/\/cardancabos.com\/en\/product\/chaleco-allen\/","title":{"rendered":"Chaleco Allen"},"content":{"rendered":"<p>Chaleco tejido a mano en lana merino con un incre\u00edble dise\u00f1o de puntos y trenzas.<\/p>\n<p>El color amarillo intenso es logrado con el te\u00f1ido natural de romerillo.<\/p>\n<p>Esta misma prenda pero en color crudo, tiene un valor menor por no tener el color con tinte natural. Esto se aplica de igual forma con todos los dise\u00f1os. <\/p>\n<p>Cons\u00faltanos cu\u00e1les colores de te\u00f1ido natural tenemos disponibles.<\/p>","protected":false},"excerpt":{"rendered":"<p>Chaleco tejido a mano en suave lana merino. Te\u00f1ido artesanalmente con tinte natural de romerillo.<\/p>","protected":false},"featured_media":4474,"template":"","meta":{"_coblocks_attr":"","_coblocks_dimensions":"","_coblocks_responsive_height":"","_coblocks_accordion_ie_support":"","_themeisle_gutenberg_block_has_review":false},"product_brand":[],"product_cat":[236,143,144],"product_tag":[271,237],"class_list":{"0":"post-4472","1":"product","2":"type-product","3":"status-publish","4":"has-post-thumbnail","6":"product_cat-chalecos","7":"product_cat-indumentaria","8":"product_cat-tejido-de-punto","9":"product_tag-indumentaria-tejido-de-punto-chalecos","10":"product_tag-tinte-natural","12":"first","13":"onbackorder","14":"shipping-taxable","15":"purchasable","16":"product-type-simple"},"_links":{"self":[{"href":"https:\/\/cardancabos.com\/en\/wp-json\/wp\/v2\/product\/4472","targetHints":{"allow":["GET"]}}],"collection":[{"href":"https:\/\/cardancabos.com\/en\/wp-json\/wp\/v2\/product"}],"about":[{"href":"https:\/\/cardancabos.com\/en\/wp-json\/wp\/v2\/types\/product"}],"version-history":[{"count":3,"href":"https:\/\/cardancabos.com\/en\/wp-json\/wp\/v2\/product\/4472\/revisions"}],"predecessor-version":[{"id":4897,"href":"https:\/\/cardancabos.com\/en\/wp-json\/wp\/v2\/product\/4472\/revisions\/4897"}],"wp:featuredmedia":[{"embeddable":true,"href":"https:\/\/cardancabos.com\/en\/wp-json\/wp\/v2\/media\/4474"}],"wp:attachment":[{"href":"https:\/\/cardancabos.com\/en\/wp-json\/wp\/v2\/media?parent=4472"}],"wp:term":[{"taxonomy":"product_brand","embeddable":true,"href":"https:\/\/cardancabos.com\/en\/wp-json\/wp\/v2\/product_brand?post=4472"},{"taxonomy":"product_cat","embeddable":true,"href":"https:\/\/cardancabos.com\/en\/wp-json\/wp\/v2\/product_cat?post=4472"},{"taxonomy":"product_tag","embeddable":true,"href":"https:\/\/cardancabos.com\/en\/wp-json\/wp\/v2\/product_tag?post=4472"}],"curies":[{"name":"wp","href":"https:\/\/api.w.org\/{rel}","templated":true}]}}