{"id":4457,"date":"2023-12-10T22:55:37","date_gmt":"2023-12-10T22:55:37","guid":{"rendered":"https:\/\/cardancabos.com\/?post_type=product&#038;p=4457"},"modified":"2025-04-09T00:41:59","modified_gmt":"2025-04-09T00:41:59","slug":"conjunto-indra-prana-con-ecoprint","status":"publish","type":"product","link":"https:\/\/cardancabos.com\/en\/product\/conjunto-indra-prana-con-ecoprint\/","title":{"rendered":"Conjunto Indra\/ Prana con ecoprint"},"content":{"rendered":"<p>El conjunto del chaleco Indra con el pantal\u00f3n Prana, es una de las joyitas de nuestra colecci\u00f3n.<\/p>\n<p>Cualquiera de estas prendas se puede encargar por separado. Pero en este caso las dos piezas arman un conjunto donde el estampado las unifica.<\/p>\n<p style=\"font-weight: 400;\">Ask us about the print designs we have available!<\/p>\n<p style=\"font-weight: 400;\">En caso que quieras este conjunto pero con otra impresi\u00f3n bot\u00e1nica, escr\u00edbenos para encargarnos uno a tu gusto.<\/p>\n<p>\u00a0<\/p>","protected":false},"excerpt":{"rendered":"<p>Conjunto de lino con impresi\u00f3n bot\u00e1nica. Piezas \u00fanicas y exclusivas.<\/p>\n<p>Elaborado artesanalmente en Uruguay.<\/p>","protected":false},"featured_media":4460,"template":"","meta":{"_coblocks_attr":"","_coblocks_dimensions":"","_coblocks_responsive_height":"","_coblocks_accordion_ie_support":"","_themeisle_gutenberg_block_has_review":false},"product_brand":[],"product_cat":[230,143],"product_tag":[232,275],"class_list":{"0":"post-4457","1":"product","2":"type-product","3":"status-publish","4":"has-post-thumbnail","6":"product_cat-ecoprint-indumentaria","7":"product_cat-indumentaria","8":"product_tag-ecoprint","9":"product_tag-indumentaria","11":"first","12":"onbackorder","13":"shipping-taxable","14":"purchasable","15":"product-type-simple"},"_links":{"self":[{"href":"https:\/\/cardancabos.com\/en\/wp-json\/wp\/v2\/product\/4457","targetHints":{"allow":["GET"]}}],"collection":[{"href":"https:\/\/cardancabos.com\/en\/wp-json\/wp\/v2\/product"}],"about":[{"href":"https:\/\/cardancabos.com\/en\/wp-json\/wp\/v2\/types\/product"}],"version-history":[{"count":2,"href":"https:\/\/cardancabos.com\/en\/wp-json\/wp\/v2\/product\/4457\/revisions"}],"predecessor-version":[{"id":4462,"href":"https:\/\/cardancabos.com\/en\/wp-json\/wp\/v2\/product\/4457\/revisions\/4462"}],"wp:featuredmedia":[{"embeddable":true,"href":"https:\/\/cardancabos.com\/en\/wp-json\/wp\/v2\/media\/4460"}],"wp:attachment":[{"href":"https:\/\/cardancabos.com\/en\/wp-json\/wp\/v2\/media?parent=4457"}],"wp:term":[{"taxonomy":"product_brand","embeddable":true,"href":"https:\/\/cardancabos.com\/en\/wp-json\/wp\/v2\/product_brand?post=4457"},{"taxonomy":"product_cat","embeddable":true,"href":"https:\/\/cardancabos.com\/en\/wp-json\/wp\/v2\/product_cat?post=4457"},{"taxonomy":"product_tag","embeddable":true,"href":"https:\/\/cardancabos.com\/en\/wp-json\/wp\/v2\/product_tag?post=4457"}],"curies":[{"name":"wp","href":"https:\/\/api.w.org\/{rel}","templated":true}]}}