{"id":4388,"date":"2023-11-27T22:12:27","date_gmt":"2023-11-27T22:12:27","guid":{"rendered":"https:\/\/cardancabos.com\/?post_type=product&#038;p=4388"},"modified":"2025-04-09T17:36:36","modified_gmt":"2025-04-09T17:36:36","slug":"chaleco-indra","status":"publish","type":"product","link":"https:\/\/cardancabos.com\/en\/product\/chaleco-indra\/","title":{"rendered":"Chaleco Indra"},"content":{"rendered":"<p>Chaleco de lino con impresi\u00f3n bot\u00e1nica.<br \/>\nLes mostramos varias opciones de estampados. <\/p>\n<p>En caso que quieras encargar un chaleco, escr\u00edbenos para definir el dise\u00f1o de impresi\u00f3n bot\u00e1nica que m\u00e1s te guste. <\/p>","protected":false},"excerpt":{"rendered":"<p>Chaleco 100% lino, elaborado artesanalmente por mujeres uruguayas.<br \/>\nPiezas \u00fanicas y exclusivas.<br \/>\nDise\u00f1o disponible s\u00f3lo por encargo.<\/p>","protected":false},"featured_media":4339,"template":"","meta":{"_coblocks_attr":"","_coblocks_dimensions":"","_coblocks_responsive_height":"","_coblocks_accordion_ie_support":"","_themeisle_gutenberg_block_has_review":false},"product_brand":[],"product_cat":[230,143],"product_tag":[232,275],"class_list":{"0":"post-4388","1":"product","2":"type-product","3":"status-publish","4":"has-post-thumbnail","6":"product_cat-ecoprint-indumentaria","7":"product_cat-indumentaria","8":"product_tag-ecoprint","9":"product_tag-indumentaria","11":"first","12":"onbackorder","13":"shipping-taxable","14":"purchasable","15":"product-type-simple"},"_links":{"self":[{"href":"https:\/\/cardancabos.com\/en\/wp-json\/wp\/v2\/product\/4388","targetHints":{"allow":["GET"]}}],"collection":[{"href":"https:\/\/cardancabos.com\/en\/wp-json\/wp\/v2\/product"}],"about":[{"href":"https:\/\/cardancabos.com\/en\/wp-json\/wp\/v2\/types\/product"}],"version-history":[{"count":3,"href":"https:\/\/cardancabos.com\/en\/wp-json\/wp\/v2\/product\/4388\/revisions"}],"predecessor-version":[{"id":4947,"href":"https:\/\/cardancabos.com\/en\/wp-json\/wp\/v2\/product\/4388\/revisions\/4947"}],"wp:featuredmedia":[{"embeddable":true,"href":"https:\/\/cardancabos.com\/en\/wp-json\/wp\/v2\/media\/4339"}],"wp:attachment":[{"href":"https:\/\/cardancabos.com\/en\/wp-json\/wp\/v2\/media?parent=4388"}],"wp:term":[{"taxonomy":"product_brand","embeddable":true,"href":"https:\/\/cardancabos.com\/en\/wp-json\/wp\/v2\/product_brand?post=4388"},{"taxonomy":"product_cat","embeddable":true,"href":"https:\/\/cardancabos.com\/en\/wp-json\/wp\/v2\/product_cat?post=4388"},{"taxonomy":"product_tag","embeddable":true,"href":"https:\/\/cardancabos.com\/en\/wp-json\/wp\/v2\/product_tag?post=4388"}],"curies":[{"name":"wp","href":"https:\/\/api.w.org\/{rel}","templated":true}]}}