{"id":4384,"date":"2023-11-27T21:50:55","date_gmt":"2023-11-27T21:50:55","guid":{"rendered":"https:\/\/cardancabos.com\/?post_type=product&#038;p=4384"},"modified":"2025-04-13T22:16:53","modified_gmt":"2025-04-13T22:16:53","slug":"pantalon-prana","status":"publish","type":"product","link":"https:\/\/cardancabos.com\/en\/product\/pantalon-prana\/","title":{"rendered":"Pantal\u00f3n Prana con ecoprint"},"content":{"rendered":"<p>Es un pantal\u00f3n con tiro alto, cierre y bot\u00f3n de n\u00e1car. Es un modelo semi oxford. Con el\u00e1stico en la pretina trasera para poder adaptarse a diferentes cuerpos.<\/p>\n<p>Este modelo lo tenemos en colores lisos (blanco, tostado y arena) y tambi\u00e9n lo tenemos en diferentes dise\u00f1os de ecoprint. Cons\u00faltanos por los dise\u00f1os de estampas que tenemos disponibles.<\/p>\n<p>En caso de no tener este producto en stock, puedes encargarlo y te lo haremos especialmente para ti.<\/p>\n<p>\u00a0<\/p>","protected":false},"excerpt":{"rendered":"<p>Pantal\u00f3n de 100% lino con dise\u00f1o en impresi\u00f3n bot\u00e1nica.<\/p>","protected":false},"featured_media":4352,"template":"","meta":{"_coblocks_attr":"","_coblocks_dimensions":"","_coblocks_responsive_height":"","_coblocks_accordion_ie_support":"","_themeisle_gutenberg_block_has_review":false},"product_brand":[],"product_cat":[230,143],"product_tag":[275,323],"class_list":{"0":"post-4384","1":"product","2":"type-product","3":"status-publish","4":"has-post-thumbnail","6":"product_cat-ecoprint-indumentaria","7":"product_cat-indumentaria","8":"product_tag-indumentaria","9":"product_tag-pantalones","11":"first","12":"onbackorder","13":"shipping-taxable","14":"purchasable","15":"product-type-simple"},"_links":{"self":[{"href":"https:\/\/cardancabos.com\/en\/wp-json\/wp\/v2\/product\/4384","targetHints":{"allow":["GET"]}}],"collection":[{"href":"https:\/\/cardancabos.com\/en\/wp-json\/wp\/v2\/product"}],"about":[{"href":"https:\/\/cardancabos.com\/en\/wp-json\/wp\/v2\/types\/product"}],"version-history":[{"count":4,"href":"https:\/\/cardancabos.com\/en\/wp-json\/wp\/v2\/product\/4384\/revisions"}],"predecessor-version":[{"id":4391,"href":"https:\/\/cardancabos.com\/en\/wp-json\/wp\/v2\/product\/4384\/revisions\/4391"}],"wp:featuredmedia":[{"embeddable":true,"href":"https:\/\/cardancabos.com\/en\/wp-json\/wp\/v2\/media\/4352"}],"wp:attachment":[{"href":"https:\/\/cardancabos.com\/en\/wp-json\/wp\/v2\/media?parent=4384"}],"wp:term":[{"taxonomy":"product_brand","embeddable":true,"href":"https:\/\/cardancabos.com\/en\/wp-json\/wp\/v2\/product_brand?post=4384"},{"taxonomy":"product_cat","embeddable":true,"href":"https:\/\/cardancabos.com\/en\/wp-json\/wp\/v2\/product_cat?post=4384"},{"taxonomy":"product_tag","embeddable":true,"href":"https:\/\/cardancabos.com\/en\/wp-json\/wp\/v2\/product_tag?post=4384"}],"curies":[{"name":"wp","href":"https:\/\/api.w.org\/{rel}","templated":true}]}}