{"id":4377,"date":"2023-11-25T23:25:57","date_gmt":"2023-11-25T23:25:57","guid":{"rendered":"https:\/\/cardancabos.com\/?post_type=product&#038;p=4377"},"modified":"2025-05-27T20:57:19","modified_gmt":"2025-05-27T20:57:19","slug":"top-cruz-con-ecoprint","status":"publish","type":"product","link":"https:\/\/cardancabos.com\/en\/product\/top-cruz-con-ecoprint\/","title":{"rendered":"Top Cruz con ecoprint"},"content":{"rendered":"<p>Este top tiene una molder\u00eda muy especial. Los breteles cruzan la espalda siendo su forma sujetarse al cuerpo, super segura y sensual, dejando la espalda descubierta.<\/p>\n<p>No es necesario el uso de corpi\u00f1o ya que tiene doble tela en la pieza delantera.<\/p>\n<p>El dise\u00f1o de la foto est\u00e1 tenido con carqueja y luego estampado con hojas de casuarina y malle ceniciento.<\/p>\n<p>Ask us about the print designs we have available!<\/p>","protected":false},"excerpt":{"rendered":"<p>Top de lino con te\u00f1ido natural y dise\u00f1o exclusivo de impresi\u00f3n bot\u00e1nica<\/p>","protected":false},"featured_media":4347,"template":"","meta":{"_coblocks_attr":"","_coblocks_dimensions":"","_coblocks_responsive_height":"","_coblocks_accordion_ie_support":"","_themeisle_gutenberg_block_has_review":false},"product_brand":[],"product_cat":[230,143,319],"product_tag":[232,275,322],"class_list":{"0":"post-4377","1":"product","2":"type-product","3":"status-publish","4":"has-post-thumbnail","6":"product_cat-ecoprint-indumentaria","7":"product_cat-indumentaria","8":"product_cat-lino","9":"product_tag-ecoprint","10":"product_tag-indumentaria","11":"product_tag-lino","13":"first","14":"instock","15":"shipping-taxable","16":"purchasable","17":"product-type-simple"},"_links":{"self":[{"href":"https:\/\/cardancabos.com\/en\/wp-json\/wp\/v2\/product\/4377","targetHints":{"allow":["GET"]}}],"collection":[{"href":"https:\/\/cardancabos.com\/en\/wp-json\/wp\/v2\/product"}],"about":[{"href":"https:\/\/cardancabos.com\/en\/wp-json\/wp\/v2\/types\/product"}],"version-history":[{"count":1,"href":"https:\/\/cardancabos.com\/en\/wp-json\/wp\/v2\/product\/4377\/revisions"}],"predecessor-version":[{"id":4378,"href":"https:\/\/cardancabos.com\/en\/wp-json\/wp\/v2\/product\/4377\/revisions\/4378"}],"wp:featuredmedia":[{"embeddable":true,"href":"https:\/\/cardancabos.com\/en\/wp-json\/wp\/v2\/media\/4347"}],"wp:attachment":[{"href":"https:\/\/cardancabos.com\/en\/wp-json\/wp\/v2\/media?parent=4377"}],"wp:term":[{"taxonomy":"product_brand","embeddable":true,"href":"https:\/\/cardancabos.com\/en\/wp-json\/wp\/v2\/product_brand?post=4377"},{"taxonomy":"product_cat","embeddable":true,"href":"https:\/\/cardancabos.com\/en\/wp-json\/wp\/v2\/product_cat?post=4377"},{"taxonomy":"product_tag","embeddable":true,"href":"https:\/\/cardancabos.com\/en\/wp-json\/wp\/v2\/product_tag?post=4377"}],"curies":[{"name":"wp","href":"https:\/\/api.w.org\/{rel}","templated":true}]}}