{"id":3940,"date":"2023-06-28T22:31:27","date_gmt":"2023-06-28T22:31:27","guid":{"rendered":"https:\/\/cardancabos.com\/?post_type=product&#038;p=3940"},"modified":"2024-12-09T21:25:42","modified_gmt":"2024-12-09T21:25:42","slug":"sweater-jaco","status":"publish","type":"product","link":"https:\/\/cardancabos.com\/en\/product\/sweater-jaco\/","title":{"rendered":"Sweater F\u00e9lix"},"content":{"rendered":"<p>Sweater con dise\u00f1o de puntos y jacquard en el centro de prenda.<\/p>\n<div>\n<p>En caso que quieras encargarlo en otra combinaci\u00f3n de color cons\u00faltanos cu\u00e1les tenemos disponibles.<\/p>\n<\/div>\n<p>&nbsp;<\/p>","protected":false},"excerpt":{"rendered":"<p>Sweater tejido a mano en 100% lana merino de Uruguay.<\/p>","protected":false},"featured_media":3941,"template":"","meta":{"_coblocks_attr":"","_coblocks_dimensions":"","_coblocks_responsive_height":"","_coblocks_accordion_ie_support":"","_themeisle_gutenberg_block_has_review":false},"product_brand":[],"product_cat":[317,143,166],"product_tag":[],"class_list":{"0":"post-3940","1":"product","2":"type-product","3":"status-publish","4":"has-post-thumbnail","6":"product_cat-coleccion-aw23","7":"product_cat-indumentaria","8":"product_cat-sweaters","10":"first","11":"onbackorder","12":"shipping-taxable","13":"purchasable","14":"product-type-simple"},"_links":{"self":[{"href":"https:\/\/cardancabos.com\/en\/wp-json\/wp\/v2\/product\/3940","targetHints":{"allow":["GET"]}}],"collection":[{"href":"https:\/\/cardancabos.com\/en\/wp-json\/wp\/v2\/product"}],"about":[{"href":"https:\/\/cardancabos.com\/en\/wp-json\/wp\/v2\/types\/product"}],"version-history":[{"count":3,"href":"https:\/\/cardancabos.com\/en\/wp-json\/wp\/v2\/product\/3940\/revisions"}],"predecessor-version":[{"id":4145,"href":"https:\/\/cardancabos.com\/en\/wp-json\/wp\/v2\/product\/3940\/revisions\/4145"}],"wp:featuredmedia":[{"embeddable":true,"href":"https:\/\/cardancabos.com\/en\/wp-json\/wp\/v2\/media\/3941"}],"wp:attachment":[{"href":"https:\/\/cardancabos.com\/en\/wp-json\/wp\/v2\/media?parent=3940"}],"wp:term":[{"taxonomy":"product_brand","embeddable":true,"href":"https:\/\/cardancabos.com\/en\/wp-json\/wp\/v2\/product_brand?post=3940"},{"taxonomy":"product_cat","embeddable":true,"href":"https:\/\/cardancabos.com\/en\/wp-json\/wp\/v2\/product_cat?post=3940"},{"taxonomy":"product_tag","embeddable":true,"href":"https:\/\/cardancabos.com\/en\/wp-json\/wp\/v2\/product_tag?post=3940"}],"curies":[{"name":"wp","href":"https:\/\/api.w.org\/{rel}","templated":true}]}}