{"id":3884,"date":"2023-06-28T08:57:31","date_gmt":"2023-06-28T08:57:31","guid":{"rendered":"https:\/\/cardancabos.com\/?post_type=product&#038;p=3884"},"modified":"2025-04-09T22:26:04","modified_gmt":"2025-04-09T22:26:04","slug":"chaleco-silver","status":"publish","type":"product","link":"https:\/\/cardancabos.com\/en\/product\/chaleco-silver\/","title":{"rendered":"Chaleco Silver"},"content":{"rendered":"<p>Chaleco largo con tajos laterales, tejido en 100% lana merino. Con un incre\u00edble dise\u00f1o de bordado a mano que la hacen una prenda \u00fanica.<\/p>\n<p>En caso que lo quieras en otro color puedes encargarlo, encantadas te lo hacemos especialmente para ti!<\/p>\n<p>La elaboraci\u00f3n de esta prenda puede llevar hasta 25 d\u00edas.<\/p>","protected":false},"excerpt":{"rendered":"<p>Chaleco bordado a mano en\u00a0lana merino.<\/p>","protected":false},"featured_media":3886,"template":"","meta":{"_coblocks_attr":"","_coblocks_dimensions":"","_coblocks_responsive_height":"","_coblocks_accordion_ie_support":"","_themeisle_gutenberg_block_has_review":false},"product_brand":[],"product_cat":[236,143,144],"product_tag":[],"class_list":{"0":"post-3884","1":"product","2":"type-product","3":"status-publish","4":"has-post-thumbnail","6":"product_cat-chalecos","7":"product_cat-indumentaria","8":"product_cat-tejido-de-punto","10":"first","11":"onbackorder","12":"shipping-taxable","13":"purchasable","14":"product-type-simple"},"_links":{"self":[{"href":"https:\/\/cardancabos.com\/en\/wp-json\/wp\/v2\/product\/3884","targetHints":{"allow":["GET"]}}],"collection":[{"href":"https:\/\/cardancabos.com\/en\/wp-json\/wp\/v2\/product"}],"about":[{"href":"https:\/\/cardancabos.com\/en\/wp-json\/wp\/v2\/types\/product"}],"version-history":[{"count":1,"href":"https:\/\/cardancabos.com\/en\/wp-json\/wp\/v2\/product\/3884\/revisions"}],"predecessor-version":[{"id":3889,"href":"https:\/\/cardancabos.com\/en\/wp-json\/wp\/v2\/product\/3884\/revisions\/3889"}],"wp:featuredmedia":[{"embeddable":true,"href":"https:\/\/cardancabos.com\/en\/wp-json\/wp\/v2\/media\/3886"}],"wp:attachment":[{"href":"https:\/\/cardancabos.com\/en\/wp-json\/wp\/v2\/media?parent=3884"}],"wp:term":[{"taxonomy":"product_brand","embeddable":true,"href":"https:\/\/cardancabos.com\/en\/wp-json\/wp\/v2\/product_brand?post=3884"},{"taxonomy":"product_cat","embeddable":true,"href":"https:\/\/cardancabos.com\/en\/wp-json\/wp\/v2\/product_cat?post=3884"},{"taxonomy":"product_tag","embeddable":true,"href":"https:\/\/cardancabos.com\/en\/wp-json\/wp\/v2\/product_tag?post=3884"}],"curies":[{"name":"wp","href":"https:\/\/api.w.org\/{rel}","templated":true}]}}