{"id":3615,"date":"2022-07-19T22:44:06","date_gmt":"2022-07-19T22:44:06","guid":{"rendered":"https:\/\/cardancabos.com\/?post_type=product&#038;p=3615"},"modified":"2025-04-09T20:58:27","modified_gmt":"2025-04-09T20:58:27","slug":"poncho-america-2","status":"publish","type":"product","link":"https:\/\/cardancabos.com\/en\/product\/poncho-america-2\/","title":{"rendered":"Poncho Am\u00e9rica"},"content":{"rendered":"<p>Este poncho tiene un dise\u00f1o con mucha personalidad. La molder\u00eda es muy amplia generando mucho vuelo y movimiento.<\/p>\n<p>Cons\u00faltanos qu\u00e9 combinaciones tenemos en stock.<\/p>","protected":false},"excerpt":{"rendered":"<p>Poncho amplio tejido con lana merino fina.<\/p>","protected":false},"featured_media":3395,"template":"","meta":{"_coblocks_attr":"","_coblocks_dimensions":"","_coblocks_responsive_height":"","_coblocks_accordion_ie_support":"","_themeisle_gutenberg_block_has_review":false},"product_brand":[],"product_cat":[143,171,149],"product_tag":[297],"class_list":{"0":"post-3615","1":"product","2":"type-product","3":"status-publish","4":"has-post-thumbnail","6":"product_cat-indumentaria","7":"product_cat-ponchos","8":"product_cat-tejido-de-punto-liviano","9":"product_tag-indumentaria-ponchos","11":"first","12":"instock","13":"shipping-taxable","14":"purchasable","15":"product-type-simple"},"_links":{"self":[{"href":"https:\/\/cardancabos.com\/en\/wp-json\/wp\/v2\/product\/3615","targetHints":{"allow":["GET"]}}],"collection":[{"href":"https:\/\/cardancabos.com\/en\/wp-json\/wp\/v2\/product"}],"about":[{"href":"https:\/\/cardancabos.com\/en\/wp-json\/wp\/v2\/types\/product"}],"version-history":[{"count":3,"href":"https:\/\/cardancabos.com\/en\/wp-json\/wp\/v2\/product\/3615\/revisions"}],"predecessor-version":[{"id":4953,"href":"https:\/\/cardancabos.com\/en\/wp-json\/wp\/v2\/product\/3615\/revisions\/4953"}],"wp:featuredmedia":[{"embeddable":true,"href":"https:\/\/cardancabos.com\/en\/wp-json\/wp\/v2\/media\/3395"}],"wp:attachment":[{"href":"https:\/\/cardancabos.com\/en\/wp-json\/wp\/v2\/media?parent=3615"}],"wp:term":[{"taxonomy":"product_brand","embeddable":true,"href":"https:\/\/cardancabos.com\/en\/wp-json\/wp\/v2\/product_brand?post=3615"},{"taxonomy":"product_cat","embeddable":true,"href":"https:\/\/cardancabos.com\/en\/wp-json\/wp\/v2\/product_cat?post=3615"},{"taxonomy":"product_tag","embeddable":true,"href":"https:\/\/cardancabos.com\/en\/wp-json\/wp\/v2\/product_tag?post=3615"}],"curies":[{"name":"wp","href":"https:\/\/api.w.org\/{rel}","templated":true}]}}