{"id":3404,"date":"2022-07-04T19:44:18","date_gmt":"2022-07-04T19:44:18","guid":{"rendered":"https:\/\/cardancabos.com\/?post_type=product&#038;p=3404"},"modified":"2025-04-08T14:30:59","modified_gmt":"2025-04-08T14:30:59","slug":"poncho-luriel-bicolor","status":"publish","type":"product","link":"https:\/\/cardancabos.com\/en\/product\/poncho-luriel-bicolor\/","title":{"rendered":"Poncho Luriel bicolor"},"content":{"rendered":"<p>El poncho Luriel est\u00e1 tejido a mano en lana merino, la guarda de color est\u00e1 te\u00f1ida con tinte natural. Este poncho se puede utilizar de dos formas diferentes. Una de las formas es irregular, quedando con la forma de pico, y la otra forma luce como una capita.<br \/>\nParticularmente el color verde y el gris de ambas combinaciones est\u00e1n te\u00f1idos con tinte natural de eucaliptos cinerea.<br \/>\nCons\u00faltanos que otros colores tenemos disponibles para una nueva combinaci\u00f3n. <\/p>","protected":false},"excerpt":{"rendered":"<p>Poncho vers\u00e1til tejido a mano en 100% lana merino.<\/p>","protected":false},"featured_media":4700,"template":"","meta":{"_coblocks_attr":"","_coblocks_dimensions":"","_coblocks_responsive_height":"","_coblocks_accordion_ie_support":"","_themeisle_gutenberg_block_has_review":false},"product_brand":[],"product_cat":[143,171],"product_tag":[297],"class_list":{"0":"post-3404","1":"product","2":"type-product","3":"status-publish","4":"has-post-thumbnail","6":"product_cat-indumentaria","7":"product_cat-ponchos","8":"product_tag-indumentaria-ponchos","10":"first","11":"onbackorder","12":"shipping-taxable","13":"purchasable","14":"product-type-simple"},"_links":{"self":[{"href":"https:\/\/cardancabos.com\/en\/wp-json\/wp\/v2\/product\/3404","targetHints":{"allow":["GET"]}}],"collection":[{"href":"https:\/\/cardancabos.com\/en\/wp-json\/wp\/v2\/product"}],"about":[{"href":"https:\/\/cardancabos.com\/en\/wp-json\/wp\/v2\/types\/product"}],"version-history":[{"count":4,"href":"https:\/\/cardancabos.com\/en\/wp-json\/wp\/v2\/product\/3404\/revisions"}],"predecessor-version":[{"id":4878,"href":"https:\/\/cardancabos.com\/en\/wp-json\/wp\/v2\/product\/3404\/revisions\/4878"}],"wp:featuredmedia":[{"embeddable":true,"href":"https:\/\/cardancabos.com\/en\/wp-json\/wp\/v2\/media\/4700"}],"wp:attachment":[{"href":"https:\/\/cardancabos.com\/en\/wp-json\/wp\/v2\/media?parent=3404"}],"wp:term":[{"taxonomy":"product_brand","embeddable":true,"href":"https:\/\/cardancabos.com\/en\/wp-json\/wp\/v2\/product_brand?post=3404"},{"taxonomy":"product_cat","embeddable":true,"href":"https:\/\/cardancabos.com\/en\/wp-json\/wp\/v2\/product_cat?post=3404"},{"taxonomy":"product_tag","embeddable":true,"href":"https:\/\/cardancabos.com\/en\/wp-json\/wp\/v2\/product_tag?post=3404"}],"curies":[{"name":"wp","href":"https:\/\/api.w.org\/{rel}","templated":true}]}}