{"id":3215,"date":"2022-06-30T16:17:12","date_gmt":"2022-06-30T16:17:12","guid":{"rendered":"https:\/\/cardancabos.com\/?post_type=product&#038;p=3215"},"modified":"2024-12-11T14:18:44","modified_gmt":"2024-12-11T14:18:44","slug":"poncho-luriel-2","status":"publish","type":"product","link":"https:\/\/cardancabos.com\/en\/product\/poncho-luriel-2\/","title":{"rendered":"Poncho Luriel"},"content":{"rendered":"<p>A este poncho pod\u00e9s utilizarlo de dos formas diferentes. Luci\u00e9ndolo de forma asim\u00e9trica como la primer foto o colocarlo como una capita con todo el dise\u00f1o de la guarda tejida en el ruedo.<\/p>\n<p>Puedes encontrar este dise\u00f1o en colores elaborados con tintes naturales. No dudes en consultarnos cu\u00e1les colores tenemos disponibles.<\/p>","protected":false},"excerpt":{"rendered":"<p>Poncho vers\u00e1til tejido a mano en 100% lana merino.<\/p>\n<p>&nbsp;<\/p>","protected":false},"featured_media":2891,"template":"","meta":{"_coblocks_attr":"","_coblocks_dimensions":"","_coblocks_responsive_height":"","_coblocks_accordion_ie_support":"","_themeisle_gutenberg_block_has_review":false},"product_brand":[],"product_cat":[143,171,144],"product_tag":[211,221],"class_list":{"0":"post-3215","1":"product","2":"type-product","3":"status-publish","4":"has-post-thumbnail","6":"product_cat-indumentaria","7":"product_cat-ponchos","8":"product_cat-tejido-de-punto","9":"product_tag-crudo","10":"product_tag-indumentaria-tejido-de-punto-ponchos","12":"first","13":"onbackorder","14":"shipping-taxable","15":"purchasable","16":"product-type-simple"},"_links":{"self":[{"href":"https:\/\/cardancabos.com\/en\/wp-json\/wp\/v2\/product\/3215","targetHints":{"allow":["GET"]}}],"collection":[{"href":"https:\/\/cardancabos.com\/en\/wp-json\/wp\/v2\/product"}],"about":[{"href":"https:\/\/cardancabos.com\/en\/wp-json\/wp\/v2\/types\/product"}],"version-history":[{"count":1,"href":"https:\/\/cardancabos.com\/en\/wp-json\/wp\/v2\/product\/3215\/revisions"}],"predecessor-version":[{"id":3216,"href":"https:\/\/cardancabos.com\/en\/wp-json\/wp\/v2\/product\/3215\/revisions\/3216"}],"wp:featuredmedia":[{"embeddable":true,"href":"https:\/\/cardancabos.com\/en\/wp-json\/wp\/v2\/media\/2891"}],"wp:attachment":[{"href":"https:\/\/cardancabos.com\/en\/wp-json\/wp\/v2\/media?parent=3215"}],"wp:term":[{"taxonomy":"product_brand","embeddable":true,"href":"https:\/\/cardancabos.com\/en\/wp-json\/wp\/v2\/product_brand?post=3215"},{"taxonomy":"product_cat","embeddable":true,"href":"https:\/\/cardancabos.com\/en\/wp-json\/wp\/v2\/product_cat?post=3215"},{"taxonomy":"product_tag","embeddable":true,"href":"https:\/\/cardancabos.com\/en\/wp-json\/wp\/v2\/product_tag?post=3215"}],"curies":[{"name":"wp","href":"https:\/\/api.w.org\/{rel}","templated":true}]}}