{"id":2864,"date":"2022-05-11T22:14:15","date_gmt":"2022-05-11T22:14:15","guid":{"rendered":"https:\/\/cardancabos.com\/?post_type=product&#038;p=2864"},"modified":"2025-04-08T23:56:00","modified_gmt":"2025-04-08T23:56:00","slug":"sweater-loto","status":"publish","type":"product","link":"https:\/\/cardancabos.com\/en\/product\/sweater-loto\/","title":{"rendered":"Sweater Loto (con tinte natural)"},"content":{"rendered":"<p>Este sweater est\u00e1 tejido a mano en 100% lana merino y el color est\u00e1 logrado mediante tinte natural de eucaliptus cinerea.<\/p>\n<p>Tiene un dise\u00f1o \u00fanico de puntos en el cuerpo y mangas levemente abullonadas.<\/p>\n<p>Esta misma prenda pero en color crudo, tiene un valor menor por no tener el color con tinte natural. Esto se aplica de igual forma con todos los dise\u00f1os. <\/p>\n<p>Cons\u00faltanos cu\u00e1les colores de te\u00f1ido natural tenemos disponibles. <\/p>","protected":false},"excerpt":{"rendered":"<p>Producto 100% sustentable. Elaborado con lana merino y tinte natural. Cons\u00faltanos que otros colores de tinte natural tenemos disponibles!<\/p>","protected":false},"featured_media":2865,"template":"","meta":{"_coblocks_attr":"","_coblocks_dimensions":"","_coblocks_responsive_height":"","_coblocks_accordion_ie_support":"","_themeisle_gutenberg_block_has_review":false},"product_brand":[],"product_cat":[143,166,144],"product_tag":[295],"class_list":{"0":"post-2864","1":"product","2":"type-product","3":"status-publish","4":"has-post-thumbnail","6":"product_cat-indumentaria","7":"product_cat-sweaters","8":"product_cat-tejido-de-punto","9":"product_tag-indumentaria-sweaters","11":"first","12":"onbackorder","13":"shipping-taxable","14":"purchasable","15":"product-type-simple"},"_links":{"self":[{"href":"https:\/\/cardancabos.com\/en\/wp-json\/wp\/v2\/product\/2864","targetHints":{"allow":["GET"]}}],"collection":[{"href":"https:\/\/cardancabos.com\/en\/wp-json\/wp\/v2\/product"}],"about":[{"href":"https:\/\/cardancabos.com\/en\/wp-json\/wp\/v2\/types\/product"}],"version-history":[{"count":4,"href":"https:\/\/cardancabos.com\/en\/wp-json\/wp\/v2\/product\/2864\/revisions"}],"predecessor-version":[{"id":4890,"href":"https:\/\/cardancabos.com\/en\/wp-json\/wp\/v2\/product\/2864\/revisions\/4890"}],"wp:featuredmedia":[{"embeddable":true,"href":"https:\/\/cardancabos.com\/en\/wp-json\/wp\/v2\/media\/2865"}],"wp:attachment":[{"href":"https:\/\/cardancabos.com\/en\/wp-json\/wp\/v2\/media?parent=2864"}],"wp:term":[{"taxonomy":"product_brand","embeddable":true,"href":"https:\/\/cardancabos.com\/en\/wp-json\/wp\/v2\/product_brand?post=2864"},{"taxonomy":"product_cat","embeddable":true,"href":"https:\/\/cardancabos.com\/en\/wp-json\/wp\/v2\/product_cat?post=2864"},{"taxonomy":"product_tag","embeddable":true,"href":"https:\/\/cardancabos.com\/en\/wp-json\/wp\/v2\/product_tag?post=2864"}],"curies":[{"name":"wp","href":"https:\/\/api.w.org\/{rel}","templated":true}]}}