{"id":2719,"date":"2021-03-06T13:54:09","date_gmt":"2021-03-06T13:54:09","guid":{"rendered":"https:\/\/cardancabos.com\/?post_type=product&#038;p=2719"},"modified":"2024-12-11T14:41:48","modified_gmt":"2024-12-11T14:41:48","slug":"ruana-uyuni","status":"publish","type":"product","link":"https:\/\/cardancabos.com\/en\/product\/ruana-uyuni\/","title":{"rendered":"Ruana UYUNI"},"content":{"rendered":"<p>Esta ruana tiene un dise\u00f1o muy cl\u00e1sico pero a su vez es muy tiene un trabajo de puntos que la convierte en una pieza \u00fanica.<\/p>\n<p>Est\u00e1 tejida a mano, en 100% suave lana merino uruguaya.<\/p>\n<p>En el caso que no tengamos esta prenda en stock, demoramos 20 d\u00edas aprox en tejerla para ti!<\/p>\n<p>MEDIDAS: el largo total de la prenda es de 80 cm y el ancho total es de 80 cm.<\/p>\n<p>Pesa 850 grs aprox.<\/p>\n<p>\u00a0<\/p>","protected":false},"excerpt":{"rendered":"<p>Ruana tejida a mano en 100% lana merino uruguaya.<\/p>","protected":false},"featured_media":2723,"template":"","meta":{"_coblocks_attr":"","_coblocks_dimensions":"","_coblocks_responsive_height":"","_coblocks_accordion_ie_support":"","_themeisle_gutenberg_block_has_review":false},"product_brand":[],"product_cat":[143,145,144],"product_tag":[216],"class_list":{"0":"post-2719","1":"product","2":"type-product","3":"status-publish","4":"has-post-thumbnail","6":"product_cat-indumentaria","7":"product_cat-ruanas","8":"product_cat-tejido-de-punto","9":"product_tag-indumentaria-tejido-de-punto-ruanas","11":"first","12":"onbackorder","13":"shipping-taxable","14":"purchasable","15":"product-type-simple"},"_links":{"self":[{"href":"https:\/\/cardancabos.com\/en\/wp-json\/wp\/v2\/product\/2719","targetHints":{"allow":["GET"]}}],"collection":[{"href":"https:\/\/cardancabos.com\/en\/wp-json\/wp\/v2\/product"}],"about":[{"href":"https:\/\/cardancabos.com\/en\/wp-json\/wp\/v2\/types\/product"}],"version-history":[{"count":3,"href":"https:\/\/cardancabos.com\/en\/wp-json\/wp\/v2\/product\/2719\/revisions"}],"predecessor-version":[{"id":4523,"href":"https:\/\/cardancabos.com\/en\/wp-json\/wp\/v2\/product\/2719\/revisions\/4523"}],"wp:featuredmedia":[{"embeddable":true,"href":"https:\/\/cardancabos.com\/en\/wp-json\/wp\/v2\/media\/2723"}],"wp:attachment":[{"href":"https:\/\/cardancabos.com\/en\/wp-json\/wp\/v2\/media?parent=2719"}],"wp:term":[{"taxonomy":"product_brand","embeddable":true,"href":"https:\/\/cardancabos.com\/en\/wp-json\/wp\/v2\/product_brand?post=2719"},{"taxonomy":"product_cat","embeddable":true,"href":"https:\/\/cardancabos.com\/en\/wp-json\/wp\/v2\/product_cat?post=2719"},{"taxonomy":"product_tag","embeddable":true,"href":"https:\/\/cardancabos.com\/en\/wp-json\/wp\/v2\/product_tag?post=2719"}],"curies":[{"name":"wp","href":"https:\/\/api.w.org\/{rel}","templated":true}]}}