{"id":2706,"date":"2021-02-04T20:58:30","date_gmt":"2021-02-04T20:58:30","guid":{"rendered":"https:\/\/cardancabos.com\/?post_type=product&#038;p=2706"},"modified":"2025-04-09T14:21:18","modified_gmt":"2025-04-09T14:21:18","slug":"almohadon-catalpa","status":"publish","type":"product","link":"https:\/\/cardancabos.com\/en\/product\/almohadon-catalpa\/","title":{"rendered":"Almohad\u00f3n Catalpa"},"content":{"rendered":"<p>Esta funda de almohad\u00f3n es de 60 cm x 60 cm. Elaborada por tela de 100% lana afieltrada, bordada a mano. Es \u00fanica e irrepetible, esto lo convierte en una pieza de dise\u00f1o muy especial para decorar tu hogar.<\/p>\n<p>La funda no incluye el relleno, en caso de querer el relleno por favor comun\u00edcate con nosotros!<\/p>","protected":false},"excerpt":{"rendered":"<p>Esta pieza es \u00fanica e irrepetible.<\/p>\n<p>Almohad\u00f3n de 100 % lana, bordado a mano.<\/p>","protected":false},"featured_media":2688,"template":"","meta":{"_coblocks_attr":"","_coblocks_dimensions":"","_coblocks_responsive_height":"","_coblocks_accordion_ie_support":"","_themeisle_gutenberg_block_has_review":false},"product_brand":[],"product_cat":[83,223],"product_tag":[],"class_list":{"0":"post-2706","1":"product","2":"type-product","3":"status-publish","4":"has-post-thumbnail","6":"product_cat-almohadones","7":"product_cat-hogar","9":"first","10":"instock","11":"sold-individually","12":"shipping-taxable","13":"purchasable","14":"product-type-simple"},"_links":{"self":[{"href":"https:\/\/cardancabos.com\/en\/wp-json\/wp\/v2\/product\/2706","targetHints":{"allow":["GET"]}}],"collection":[{"href":"https:\/\/cardancabos.com\/en\/wp-json\/wp\/v2\/product"}],"about":[{"href":"https:\/\/cardancabos.com\/en\/wp-json\/wp\/v2\/types\/product"}],"version-history":[{"count":1,"href":"https:\/\/cardancabos.com\/en\/wp-json\/wp\/v2\/product\/2706\/revisions"}],"predecessor-version":[{"id":4936,"href":"https:\/\/cardancabos.com\/en\/wp-json\/wp\/v2\/product\/2706\/revisions\/4936"}],"wp:featuredmedia":[{"embeddable":true,"href":"https:\/\/cardancabos.com\/en\/wp-json\/wp\/v2\/media\/2688"}],"wp:attachment":[{"href":"https:\/\/cardancabos.com\/en\/wp-json\/wp\/v2\/media?parent=2706"}],"wp:term":[{"taxonomy":"product_brand","embeddable":true,"href":"https:\/\/cardancabos.com\/en\/wp-json\/wp\/v2\/product_brand?post=2706"},{"taxonomy":"product_cat","embeddable":true,"href":"https:\/\/cardancabos.com\/en\/wp-json\/wp\/v2\/product_cat?post=2706"},{"taxonomy":"product_tag","embeddable":true,"href":"https:\/\/cardancabos.com\/en\/wp-json\/wp\/v2\/product_tag?post=2706"}],"curies":[{"name":"wp","href":"https:\/\/api.w.org\/{rel}","templated":true}]}}