{"id":2697,"date":"2021-02-04T19:04:27","date_gmt":"2021-02-04T19:04:27","guid":{"rendered":"https:\/\/cardancabos.com\/?post_type=product&#038;p=2697"},"modified":"2022-05-09T23:42:52","modified_gmt":"2022-05-09T23:42:52","slug":"almohadon-purmamarca","status":"publish","type":"product","link":"https:\/\/cardancabos.com\/en\/product\/almohadon-purmamarca\/","title":{"rendered":"Almohad\u00f3n Purmamarca"},"content":{"rendered":"<p>Si quieres tener unas pieza \u00fanica de dise\u00f1o en tu casa, estas fundas de almohad\u00f3n son la pieza perfecta. Tenemos s\u00f3lo 2 unidades, son las \u00fanicas que elaboramos de este dise\u00f1o.<\/p>\n<p>Miden 60 cm x 60 cm. Elaboradas en lana merino y alpaca, en telar y fieltro artesanal.<\/p>\n<p>Las fundas no incluyen el relleno, en caso de querer el relleno por favor comun\u00edcate con nosotros!<\/p>","protected":false},"excerpt":{"rendered":"<p>Funda de almohad\u00f3n en lana merino y alpaca, en telar y fieltro artesanal.<\/p>\n<p>Piezas \u00fanicas e irrepetibles.<\/p>","protected":false},"featured_media":2698,"template":"","meta":{"_coblocks_attr":"","_coblocks_dimensions":"","_coblocks_responsive_height":"","_coblocks_accordion_ie_support":"","_themeisle_gutenberg_block_has_review":false},"product_brand":[],"product_cat":[83,223],"product_tag":[],"class_list":{"0":"post-2697","1":"product","2":"type-product","3":"status-publish","4":"has-post-thumbnail","6":"product_cat-almohadones","7":"product_cat-hogar","9":"first","10":"outofstock","11":"shipping-taxable","12":"purchasable","13":"product-type-simple"},"_links":{"self":[{"href":"https:\/\/cardancabos.com\/en\/wp-json\/wp\/v2\/product\/2697","targetHints":{"allow":["GET"]}}],"collection":[{"href":"https:\/\/cardancabos.com\/en\/wp-json\/wp\/v2\/product"}],"about":[{"href":"https:\/\/cardancabos.com\/en\/wp-json\/wp\/v2\/types\/product"}],"version-history":[{"count":1,"href":"https:\/\/cardancabos.com\/en\/wp-json\/wp\/v2\/product\/2697\/revisions"}],"predecessor-version":[{"id":2699,"href":"https:\/\/cardancabos.com\/en\/wp-json\/wp\/v2\/product\/2697\/revisions\/2699"}],"wp:featuredmedia":[{"embeddable":true,"href":"https:\/\/cardancabos.com\/en\/wp-json\/wp\/v2\/media\/2698"}],"wp:attachment":[{"href":"https:\/\/cardancabos.com\/en\/wp-json\/wp\/v2\/media?parent=2697"}],"wp:term":[{"taxonomy":"product_brand","embeddable":true,"href":"https:\/\/cardancabos.com\/en\/wp-json\/wp\/v2\/product_brand?post=2697"},{"taxonomy":"product_cat","embeddable":true,"href":"https:\/\/cardancabos.com\/en\/wp-json\/wp\/v2\/product_cat?post=2697"},{"taxonomy":"product_tag","embeddable":true,"href":"https:\/\/cardancabos.com\/en\/wp-json\/wp\/v2\/product_tag?post=2697"}],"curies":[{"name":"wp","href":"https:\/\/api.w.org\/{rel}","templated":true}]}}