{"id":2687,"date":"2021-02-04T18:36:47","date_gmt":"2021-02-04T18:36:47","guid":{"rendered":"https:\/\/cardancabos.com\/?post_type=product&#038;p=2687"},"modified":"2022-05-09T23:47:13","modified_gmt":"2022-05-09T23:47:13","slug":"almohadon-jujuy","status":"publish","type":"product","link":"https:\/\/cardancabos.com\/en\/product\/almohadon-jujuy\/","title":{"rendered":"Almohad\u00f3n Jujuy"},"content":{"rendered":"<p>Esta funda de almohad\u00f3n es de 44cm x 52cm. Elaborada por tela de 100% lana afieltrada, bordada a mano. Es \u00fanica e irrepetible, esto lo convierte en una pieza de dise\u00f1o muy especial para decorar tu hogar.<\/p>\n<p>La funda no incluye el relleno, en caso de querer el relleno por favor comun\u00edcate con nosotros!<\/p>","protected":false},"excerpt":{"rendered":"<p>Esta pieza es \u00fanica e irrepetible.<\/p>\n<p>Almohad\u00f3n de 100 % lana, bordado a mano.<\/p>","protected":false},"featured_media":2689,"template":"","meta":{"_coblocks_attr":"","_coblocks_dimensions":"","_coblocks_responsive_height":"","_coblocks_accordion_ie_support":"","_themeisle_gutenberg_block_has_review":false},"product_brand":[],"product_cat":[83,223],"product_tag":[],"class_list":{"0":"post-2687","1":"product","2":"type-product","3":"status-publish","4":"has-post-thumbnail","6":"product_cat-almohadones","7":"product_cat-hogar","9":"first","10":"outofstock","11":"shipping-taxable","12":"purchasable","13":"product-type-simple"},"_links":{"self":[{"href":"https:\/\/cardancabos.com\/en\/wp-json\/wp\/v2\/product\/2687","targetHints":{"allow":["GET"]}}],"collection":[{"href":"https:\/\/cardancabos.com\/en\/wp-json\/wp\/v2\/product"}],"about":[{"href":"https:\/\/cardancabos.com\/en\/wp-json\/wp\/v2\/types\/product"}],"version-history":[{"count":0,"href":"https:\/\/cardancabos.com\/en\/wp-json\/wp\/v2\/product\/2687\/revisions"}],"wp:featuredmedia":[{"embeddable":true,"href":"https:\/\/cardancabos.com\/en\/wp-json\/wp\/v2\/media\/2689"}],"wp:attachment":[{"href":"https:\/\/cardancabos.com\/en\/wp-json\/wp\/v2\/media?parent=2687"}],"wp:term":[{"taxonomy":"product_brand","embeddable":true,"href":"https:\/\/cardancabos.com\/en\/wp-json\/wp\/v2\/product_brand?post=2687"},{"taxonomy":"product_cat","embeddable":true,"href":"https:\/\/cardancabos.com\/en\/wp-json\/wp\/v2\/product_cat?post=2687"},{"taxonomy":"product_tag","embeddable":true,"href":"https:\/\/cardancabos.com\/en\/wp-json\/wp\/v2\/product_tag?post=2687"}],"curies":[{"name":"wp","href":"https:\/\/api.w.org\/{rel}","templated":true}]}}