{"id":2007,"date":"2020-08-11T14:50:13","date_gmt":"2020-08-11T14:50:13","guid":{"rendered":"https:\/\/cardancabos.com\/producto\/poncho-urutau\/"},"modified":"2022-05-10T01:45:25","modified_gmt":"2022-05-10T01:45:25","slug":"poncho-urutau","status":"publish","type":"product","link":"https:\/\/cardancabos.com\/en\/product\/poncho-urutau\/","title":{"rendered":"Poncho Uruta\u00fa"},"content":{"rendered":"<p>Este poncho es super abrigado y c\u00f3modo. Tiene escote en V y flecos en los laterales que le dan mucho movimiento a la prenda. Est\u00e1 tejido a mano por artesanas locales en 100% lana merino. MEDIDAS: El ancho de la prenda es de 90 cm y el largo de 70 cm.<br \/>\nEste producto es elaborado artesanalmente, si no lo tenemos en stock lo hacemos por encargo. La elaboraci\u00f3n de esta prenda lleva alrededor de 15 d\u00edas. No dudes en consultarnos, con mucho gusto te asesoraremos para hacer tu encargo.<\/p>","protected":false},"excerpt":{"rendered":"<p>Poncho tejido a mano en 100% lana merino.<\/p>","protected":false},"featured_media":1926,"template":"","meta":{"_coblocks_attr":"","_coblocks_dimensions":"","_coblocks_responsive_height":"","_coblocks_accordion_ie_support":"","_themeisle_gutenberg_block_has_review":false},"product_brand":[],"product_cat":[143,171,144],"product_tag":[221],"class_list":{"0":"post-2007","1":"product","2":"type-product","3":"status-publish","4":"has-post-thumbnail","6":"product_cat-indumentaria","7":"product_cat-ponchos","8":"product_cat-tejido-de-punto","9":"product_tag-indumentaria-tejido-de-punto-ponchos","11":"first","12":"onbackorder","13":"purchasable","14":"product-type-simple"},"_links":{"self":[{"href":"https:\/\/cardancabos.com\/en\/wp-json\/wp\/v2\/product\/2007","targetHints":{"allow":["GET"]}}],"collection":[{"href":"https:\/\/cardancabos.com\/en\/wp-json\/wp\/v2\/product"}],"about":[{"href":"https:\/\/cardancabos.com\/en\/wp-json\/wp\/v2\/types\/product"}],"version-history":[{"count":0,"href":"https:\/\/cardancabos.com\/en\/wp-json\/wp\/v2\/product\/2007\/revisions"}],"wp:featuredmedia":[{"embeddable":true,"href":"https:\/\/cardancabos.com\/en\/wp-json\/wp\/v2\/media\/1926"}],"wp:attachment":[{"href":"https:\/\/cardancabos.com\/en\/wp-json\/wp\/v2\/media?parent=2007"}],"wp:term":[{"taxonomy":"product_brand","embeddable":true,"href":"https:\/\/cardancabos.com\/en\/wp-json\/wp\/v2\/product_brand?post=2007"},{"taxonomy":"product_cat","embeddable":true,"href":"https:\/\/cardancabos.com\/en\/wp-json\/wp\/v2\/product_cat?post=2007"},{"taxonomy":"product_tag","embeddable":true,"href":"https:\/\/cardancabos.com\/en\/wp-json\/wp\/v2\/product_tag?post=2007"}],"curies":[{"name":"wp","href":"https:\/\/api.w.org\/{rel}","templated":true}]}}