{"id":2000,"date":"2020-08-11T14:50:13","date_gmt":"2020-08-11T14:50:13","guid":{"rendered":"https:\/\/cardancabos.com\/producto\/ruana-trigo\/"},"modified":"2024-12-11T15:03:43","modified_gmt":"2024-12-11T15:03:43","slug":"ruana-trigo","status":"publish","type":"product","link":"https:\/\/cardancabos.com\/en\/product\/ruana-trigo\/","title":{"rendered":"Ruana Trigo"},"content":{"rendered":"<p>Esta ruana est\u00e1 tejida a mano en 100% lana merino. Tiene una textura homog\u00e9nea que la hace una prenda cl\u00e1sica y f\u00e1cil de combinar con cualquier outfit. La ruana gris perla de la foto est\u00e1 te\u00f1ida con tintes naturales, este color particularmente est\u00e1 logrado con las hojas de eucalipto cinerea. Tambi\u00e9n tenemos la versi\u00f3n en color crudo (el precio de ambos productos var\u00eda por tener o no tinte natural).<br \/>\nMEDIDAS: Esta prenda mide 80 cm de ancho y 70 cm de largo, los flecos miden 12 cm.<br \/>\nEste producto es elaborado artesanalmente, si no lo tenemos en stock lo hacemos por encargo. La elaboraci\u00f3n de esta prenda lleva alrededor de 15 d\u00edas. No dudes en consultarnos, con mucho gusto te asesoraremos para hacer tu encargo.<\/p>","protected":false},"excerpt":{"rendered":"<p>Ruana tejida a mano en 100% lana merino.<\/p>","protected":false},"featured_media":1974,"template":"","meta":{"_coblocks_attr":"","_coblocks_dimensions":"","_coblocks_responsive_height":"","_coblocks_accordion_ie_support":"","_themeisle_gutenberg_block_has_review":false},"product_brand":[],"product_cat":[143,145,144],"product_tag":[216],"class_list":{"0":"post-2000","1":"product","2":"type-product","3":"status-publish","4":"has-post-thumbnail","6":"product_cat-indumentaria","7":"product_cat-ruanas","8":"product_cat-tejido-de-punto","9":"product_tag-indumentaria-tejido-de-punto-ruanas","11":"first","12":"onbackorder","13":"purchasable","14":"product-type-simple"},"_links":{"self":[{"href":"https:\/\/cardancabos.com\/en\/wp-json\/wp\/v2\/product\/2000","targetHints":{"allow":["GET"]}}],"collection":[{"href":"https:\/\/cardancabos.com\/en\/wp-json\/wp\/v2\/product"}],"about":[{"href":"https:\/\/cardancabos.com\/en\/wp-json\/wp\/v2\/types\/product"}],"version-history":[{"count":1,"href":"https:\/\/cardancabos.com\/en\/wp-json\/wp\/v2\/product\/2000\/revisions"}],"predecessor-version":[{"id":4866,"href":"https:\/\/cardancabos.com\/en\/wp-json\/wp\/v2\/product\/2000\/revisions\/4866"}],"wp:featuredmedia":[{"embeddable":true,"href":"https:\/\/cardancabos.com\/en\/wp-json\/wp\/v2\/media\/1974"}],"wp:attachment":[{"href":"https:\/\/cardancabos.com\/en\/wp-json\/wp\/v2\/media?parent=2000"}],"wp:term":[{"taxonomy":"product_brand","embeddable":true,"href":"https:\/\/cardancabos.com\/en\/wp-json\/wp\/v2\/product_brand?post=2000"},{"taxonomy":"product_cat","embeddable":true,"href":"https:\/\/cardancabos.com\/en\/wp-json\/wp\/v2\/product_cat?post=2000"},{"taxonomy":"product_tag","embeddable":true,"href":"https:\/\/cardancabos.com\/en\/wp-json\/wp\/v2\/product_tag?post=2000"}],"curies":[{"name":"wp","href":"https:\/\/api.w.org\/{rel}","templated":true}]}}