{"id":3821,"date":"2023-06-27T16:18:11","date_gmt":"2023-06-27T16:18:11","guid":{"rendered":"https:\/\/cardancabos.com\/?page_id=3821"},"modified":"2023-07-04T14:18:13","modified_gmt":"2023-07-04T14:18:13","slug":"como-cuidar-tus-prendas","status":"publish","type":"page","link":"https:\/\/cardancabos.com\/en\/como-cuidar-tus-prendas\/","title":{"rendered":"Como cuidar tus prendas"},"content":{"rendered":"<div data-elementor-type=\"wp-page\" data-elementor-id=\"3821\" class=\"elementor elementor-3821\">\n\t\t\t\t\t\t<section class=\"elementor-section elementor-top-section elementor-element elementor-element-30f7fd8a elementor-section-full_width elementor-section-height-min-height elementor-section-stretched elementor-section-height-default elementor-section-items-middle\" data-id=\"30f7fd8a\" data-element_type=\"section\" data-e-type=\"section\" data-settings=\"{&quot;stretch_section&quot;:&quot;section-stretched&quot;,&quot;background_background&quot;:&quot;classic&quot;}\">\n\t\t\t\t\t\t<div class=\"elementor-container elementor-column-gap-default\">\n\t\t\t\t\t<div class=\"elementor-column elementor-col-100 elementor-top-column elementor-element elementor-element-773b6993\" data-id=\"773b6993\" data-element_type=\"column\" data-e-type=\"column\">\n\t\t\t<div class=\"elementor-widget-wrap\">\n\t\t\t\t\t\t\t<\/div>\n\t\t<\/div>\n\t\t\t\t\t<\/div>\n\t\t<\/section>\n\t\t<div class=\"elementor-element elementor-element-d7e4f84 e-flex e-con-boxed e-con e-parent\" data-id=\"d7e4f84\" data-element_type=\"container\" data-e-type=\"container\">\n\t\t\t\t\t<div class=\"e-con-inner\">\n\t\t<div class=\"elementor-element elementor-element-5932a42 e-con-full e-flex e-con e-child\" data-id=\"5932a42\" data-element_type=\"container\" data-e-type=\"container\">\n\t\t\t\t<div class=\"elementor-element elementor-element-6a2bafc elementor-widget elementor-widget-konte-heading\" data-id=\"6a2bafc\" data-element_type=\"widget\" data-e-type=\"widget\" data-widget_type=\"konte-heading.default\">\n\t\t\t\t<div class=\"elementor-widget-container\">\n\t\t\t\t\t<h2 class=\"konte-heading-title konte-heading-title--default\">How to Care for Your Garment <br>.<\/h2>\t\t\t\t<\/div>\n\t\t\t\t<\/div>\n\t\t\t\t<div class=\"elementor-element elementor-element-d8079fd elementor-widget elementor-widget-image\" data-id=\"d8079fd\" data-element_type=\"widget\" data-e-type=\"widget\" data-widget_type=\"image.default\">\n\t\t\t\t<div class=\"elementor-widget-container\">\n\t\t\t\t\t\t\t\t\t\t\t\t\t\t\t<img fetchpriority=\"high\" decoding=\"async\" width=\"896\" height=\"441\" src=\"https:\/\/cardancabos.com\/wp-content\/uploads\/2020\/08\/CUIDADOS-copy-e1687882865660.jpg\" class=\"attachment-full size-full wp-image-2093\" alt=\"\" srcset=\"https:\/\/cardancabos.com\/wp-content\/uploads\/2020\/08\/CUIDADOS-copy-e1687882865660.jpg 896w, https:\/\/cardancabos.com\/wp-content\/uploads\/2020\/08\/CUIDADOS-copy-e1687882865660-840x413.jpg 840w, https:\/\/cardancabos.com\/wp-content\/uploads\/2020\/08\/CUIDADOS-copy-e1687882865660-300x148.jpg 300w, https:\/\/cardancabos.com\/wp-content\/uploads\/2020\/08\/CUIDADOS-copy-e1687882865660-768x378.jpg 768w, https:\/\/cardancabos.com\/wp-content\/uploads\/2020\/08\/CUIDADOS-copy-e1687882865660-660x325.jpg 660w\" sizes=\"(max-width: 896px) 100vw, 896px\" \/>\t\t\t\t\t\t\t\t\t\t\t\t\t\t\t<\/div>\n\t\t\t\t<\/div>\n\t\t\t\t<\/div>\n\t\t<div class=\"elementor-element elementor-element-966a2c4 e-con-full e-flex e-con e-child\" data-id=\"966a2c4\" data-element_type=\"container\" data-e-type=\"container\">\n\t\t\t\t<div class=\"elementor-element elementor-element-1935baa elementor-widget elementor-widget-konte-heading\" data-id=\"1935baa\" data-element_type=\"widget\" data-e-type=\"widget\" data-widget_type=\"konte-heading.default\">\n\t\t\t\t<div class=\"elementor-widget-container\">\n\t\t\t\t\t<p class=\"konte-heading-title konte-heading-title--default\">Dry clean or hand wash gently in cold water with mild soap.<br><br>\n\nDo not soak.<br><br>\n\nDry flat in shade on a clean surface.<br> <br>\n\nDo not tumble dry.<br><br>\n\nAvoid hanging to dry\u2014this may stretch or distort the garment. <br><br>\n\nSi deseas planchar la prenda, es necesario ponerla del rev\u00e9s, con un trozo de tela de 100%  lino o algod\u00f3n entre la prenda y la plancha, para que no est\u00e9 en contacto directo. <br><br>\n\nUse low heat (below 110\u00b0C \/ 230\u00b0F).<br><br>\n\nDo not spin-dry<br><br>\n\nSpinning mats the fibers, deforms the knit, and may shrink the garment. <\/p>\t\t\t\t<\/div>\n\t\t\t\t<\/div>\n\t\t\t\t<\/div>\n\t\t\t\t\t<\/div>\n\t\t\t\t<\/div>\n\t\t\t\t<\/div>","protected":false},"excerpt":{"rendered":"<p>Te aconsejamos c\u00f3mo cuidar tu prenda Lavar en seco o lavar a mano delicadamente con agua fr\u00eda y jab\u00f3n neutro. No dejar en remojo. Secar a la sombra y preferentemente&hellip;<\/p>","protected":false},"author":1,"featured_media":0,"parent":0,"menu_order":0,"comment_status":"closed","ping_status":"closed","template":"","meta":{"_coblocks_attr":"","_coblocks_dimensions":"","_coblocks_responsive_height":"","_coblocks_accordion_ie_support":"","_themeisle_gutenberg_block_has_review":false,"footnotes":""},"class_list":["post-3821","page","type-page","status-publish","hentry"],"_links":{"self":[{"href":"https:\/\/cardancabos.com\/en\/wp-json\/wp\/v2\/pages\/3821","targetHints":{"allow":["GET"]}}],"collection":[{"href":"https:\/\/cardancabos.com\/en\/wp-json\/wp\/v2\/pages"}],"about":[{"href":"https:\/\/cardancabos.com\/en\/wp-json\/wp\/v2\/types\/page"}],"author":[{"embeddable":true,"href":"https:\/\/cardancabos.com\/en\/wp-json\/wp\/v2\/users\/1"}],"replies":[{"embeddable":true,"href":"https:\/\/cardancabos.com\/en\/wp-json\/wp\/v2\/comments?post=3821"}],"version-history":[{"count":15,"href":"https:\/\/cardancabos.com\/en\/wp-json\/wp\/v2\/pages\/3821\/revisions"}],"predecessor-version":[{"id":4091,"href":"https:\/\/cardancabos.com\/en\/wp-json\/wp\/v2\/pages\/3821\/revisions\/4091"}],"wp:attachment":[{"href":"https:\/\/cardancabos.com\/en\/wp-json\/wp\/v2\/media?parent=3821"}],"curies":[{"name":"wp","href":"https:\/\/api.w.org\/{rel}","templated":true}]}}