{"id":3812,"date":"2023-06-27T15:45:05","date_gmt":"2023-06-27T15:45:05","guid":{"rendered":"https:\/\/cardancabos.com\/?page_id=3812"},"modified":"2023-07-04T14:07:28","modified_gmt":"2023-07-04T14:07:28","slug":"tintes-naturales-y-ecoprint","status":"publish","type":"page","link":"https:\/\/cardancabos.com\/en\/tintes-naturales-y-ecoprint\/","title":{"rendered":"Tintes naturales y Ecoprint"},"content":{"rendered":"<div data-elementor-type=\"wp-page\" data-elementor-id=\"3812\" class=\"elementor elementor-3812\">\n\t\t\t\t\t\t<section class=\"elementor-section elementor-top-section elementor-element elementor-element-2abf3aa elementor-section-full_width elementor-section-height-min-height elementor-section-stretched elementor-section-height-default elementor-section-items-middle\" data-id=\"2abf3aa\" data-element_type=\"section\" data-e-type=\"section\" data-settings=\"{&quot;stretch_section&quot;:&quot;section-stretched&quot;,&quot;background_background&quot;:&quot;classic&quot;}\">\n\t\t\t\t\t\t<div class=\"elementor-container elementor-column-gap-default\">\n\t\t\t\t\t<div class=\"elementor-column elementor-col-100 elementor-top-column elementor-element elementor-element-789ebe12\" data-id=\"789ebe12\" data-element_type=\"column\" data-e-type=\"column\">\n\t\t\t<div class=\"elementor-widget-wrap\">\n\t\t\t\t\t\t\t<\/div>\n\t\t<\/div>\n\t\t\t\t\t<\/div>\n\t\t<\/section>\n\t\t<div class=\"elementor-element elementor-element-9792118 e-flex e-con-boxed e-con e-parent\" data-id=\"9792118\" data-element_type=\"container\" data-e-type=\"container\">\n\t\t\t\t\t<div class=\"e-con-inner\">\n\t\t<div class=\"elementor-element elementor-element-eeeff70 e-con-full e-flex e-con e-child\" data-id=\"eeeff70\" data-element_type=\"container\" data-e-type=\"container\">\n\t\t\t\t<div class=\"elementor-element elementor-element-ba526b8 elementor-widget elementor-widget-konte-heading\" data-id=\"ba526b8\" data-element_type=\"widget\" data-e-type=\"widget\" data-widget_type=\"konte-heading.default\">\n\t\t\t\t<div class=\"elementor-widget-container\">\n\t\t\t\t\t<h2 class=\"konte-heading-title konte-heading-title--default\">Natural Dye<\/h2>\t\t\t\t<\/div>\n\t\t\t\t<\/div>\n\t\t\t\t<div class=\"elementor-element elementor-element-c17b592 elementor-widget elementor-widget-konte-heading\" data-id=\"c17b592\" data-element_type=\"widget\" data-e-type=\"widget\" data-widget_type=\"konte-heading.default\">\n\t\t\t\t<div class=\"elementor-widget-container\">\n\t\t\t\t\t<p class=\"konte-heading-title konte-heading-title--default\">Los tintes naturales son pigmentos org\u00e1nicos extra\u00eddos de plantas y minerales. \u00c9stos, a diferencia de los tintes sint\u00e9ticos, son sustentables y ecol\u00f3gicos.\n\nNo contienen componentes qu\u00edmicos derivados del petr\u00f3leo, de manera que no son perjudiciales para el ambiente, para nuestras aguas, ni para nuestra salud. Adem\u00e1s de ser sumamente amigables con el medio ambiente tambi\u00e9n lo son con nuestra piel evitando el contacto con componentes qu\u00edmicos.<\/p>\t\t\t\t<\/div>\n\t\t\t\t<\/div>\n\t\t\t\t<div class=\"elementor-element elementor-element-65a3b83 elementor-widget elementor-widget-konte-heading\" data-id=\"65a3b83\" data-element_type=\"widget\" data-e-type=\"widget\" data-widget_type=\"konte-heading.default\">\n\t\t\t\t<div class=\"elementor-widget-container\">\n\t\t\t\t\t<p class=\"konte-heading-title konte-heading-title--default\">For each collection, we select seasonal plants. We harvest them carefully and responsibly, preserving local flora. Natural dyes offer an infinite spectrum of colors\u2014earthy tones, pastels, and even vibrant hues.  <\/p>\t\t\t\t<\/div>\n\t\t\t\t<\/div>\n\t\t\t\t<\/div>\n\t\t<div class=\"elementor-element elementor-element-90eec46 e-con-full e-flex e-con e-child\" data-id=\"90eec46\" data-element_type=\"container\" data-e-type=\"container\">\n\t\t\t\t<div class=\"elementor-element elementor-element-3fedeb9 elementor-widget elementor-widget-konte-heading\" data-id=\"3fedeb9\" data-element_type=\"widget\" data-e-type=\"widget\" data-widget_type=\"konte-heading.default\">\n\t\t\t\t<div class=\"elementor-widget-container\">\n\t\t\t\t\t<h2 class=\"konte-heading-title konte-heading-title--default\">Ecoprint<\/h2>\t\t\t\t<\/div>\n\t\t\t\t<\/div>\n\t\t\t\t<div class=\"elementor-element elementor-element-660e439 elementor-widget elementor-widget-konte-heading\" data-id=\"660e439\" data-element_type=\"widget\" data-e-type=\"widget\" data-widget_type=\"konte-heading.default\">\n\t\t\t\t<div class=\"elementor-widget-container\">\n\t\t\t\t\t<p class=\"konte-heading-title konte-heading-title--default\">The term Ecoprint refers to botanical printing. On 100% organic textiles like cotton, wool, linen, or silk, we transfer the shapes and pigments of natural elements such as leaves, flowers, seeds, stems, and bark. The textures, colors, and patterns create unique, one-of-a-kind designs\u2014this is the magic of ecoprint, paired with its non-toxic and sustainable technique.<\/p>\t\t\t\t<\/div>\n\t\t\t\t<\/div>\n\t\t\t\t<div class=\"elementor-element elementor-element-a5fe21f elementor-widget elementor-widget-konte-heading\" data-id=\"a5fe21f\" data-element_type=\"widget\" data-e-type=\"widget\" data-widget_type=\"konte-heading.default\">\n\t\t\t\t<div class=\"elementor-widget-container\">\n\t\t\t\t\t<p class=\"konte-heading-title konte-heading-title--default\">We hope more people will join the sustainable movement, embracing this approach to responsible consumption and design.<\/p>\t\t\t\t<\/div>\n\t\t\t\t<\/div>\n\t\t\t\t<\/div>\n\t\t\t\t\t<\/div>\n\t\t\t\t<\/div>\n\t\t\t\t<\/div>","protected":false},"excerpt":{"rendered":"<p>Tintes naturales Los tintes naturales son pigmentos org\u00e1nicos extra\u00eddos de plantas y minerales. \u00c9stos, a diferencia de los tintes sint\u00e9ticos, son sustentables y ecol\u00f3gicos. No contienen componentes qu\u00edmicos derivados del&hellip;<\/p>","protected":false},"author":1,"featured_media":0,"parent":0,"menu_order":0,"comment_status":"closed","ping_status":"closed","template":"","meta":{"_coblocks_attr":"","_coblocks_dimensions":"","_coblocks_responsive_height":"","_coblocks_accordion_ie_support":"","_themeisle_gutenberg_block_has_review":false,"footnotes":""},"class_list":["post-3812","page","type-page","status-publish","hentry"],"_links":{"self":[{"href":"https:\/\/cardancabos.com\/en\/wp-json\/wp\/v2\/pages\/3812","targetHints":{"allow":["GET"]}}],"collection":[{"href":"https:\/\/cardancabos.com\/en\/wp-json\/wp\/v2\/pages"}],"about":[{"href":"https:\/\/cardancabos.com\/en\/wp-json\/wp\/v2\/types\/page"}],"author":[{"embeddable":true,"href":"https:\/\/cardancabos.com\/en\/wp-json\/wp\/v2\/users\/1"}],"replies":[{"embeddable":true,"href":"https:\/\/cardancabos.com\/en\/wp-json\/wp\/v2\/comments?post=3812"}],"version-history":[{"count":24,"href":"https:\/\/cardancabos.com\/en\/wp-json\/wp\/v2\/pages\/3812\/revisions"}],"predecessor-version":[{"id":4078,"href":"https:\/\/cardancabos.com\/en\/wp-json\/wp\/v2\/pages\/3812\/revisions\/4078"}],"wp:attachment":[{"href":"https:\/\/cardancabos.com\/en\/wp-json\/wp\/v2\/media?parent=3812"}],"curies":[{"name":"wp","href":"https:\/\/api.w.org\/{rel}","templated":true}]}}